{"id":2466,"date":"2020-09-22T16:44:26","date_gmt":"2020-09-22T14:44:26","guid":{"rendered":"https:\/\/delarocque1815.com\/blanc-de-blancs\/"},"modified":"2024-12-10T09:54:11","modified_gmt":"2024-12-10T08:54:11","slug":"champagnes","status":"publish","type":"page","link":"https:\/\/delarocque1815.com\/fr\/champagnes\/","title":{"rendered":"Champagnes"},"content":{"rendered":"\t\t<div data-elementor-type=\"wp-page\" data-elementor-id=\"2466\" class=\"elementor elementor-2466 elementor-1453\" data-elementor-post-type=\"page\">\n\t\t\t\t\t\t<section class=\"elementor-section elementor-top-section elementor-element elementor-element-a332273 elementor-section-height-min-height elementor-section-boxed elementor-section-height-default elementor-section-items-middle\" data-id=\"a332273\" data-element_type=\"section\" data-settings=\"{&quot;background_background&quot;:&quot;classic&quot;}\">\n\t\t\t\t\t\t<div class=\"elementor-container elementor-column-gap-default\">\n\t\t\t\t\t<div class=\"elementor-column elementor-col-100 elementor-top-column elementor-element elementor-element-b21f04c\" data-id=\"b21f04c\" data-element_type=\"column\">\n\t\t\t<div class=\"elementor-widget-wrap elementor-element-populated\">\n\t\t\t\t\t\t<div class=\"elementor-element elementor-element-e3de59e elementor-align-center elementor-widget elementor-widget-post-info\" data-id=\"e3de59e\" data-element_type=\"widget\" data-widget_type=\"post-info.default\">\n\t\t\t\t<div class=\"elementor-widget-container\">\n\t\t\t\t\t<ul class=\"elementor-icon-list-items elementor-post-info\">\n\t\t\t\t\t\t\t\t<li class=\"elementor-icon-list-item elementor-repeater-item-0c03273\">\n\t\t\t\t\t\t<a href=\"https:\/\/delarocque1815.com\/\">\n\t\t\t\t\t\t\t\t\t\t\t\t\t\t<span class=\"elementor-icon-list-text elementor-post-info__item elementor-post-info__item--type-custom\">\n\t\t\t\t\t\t\t\t\t\tDelarocque 1815\t\t\t\t\t<\/span>\n\t\t\t\t\t\t\t\t\t<\/a>\n\t\t\t\t<\/li>\n\t\t\t\t<\/ul>\n\t\t\t\t<\/div>\n\t\t\t\t<\/div>\n\t\t\t\t\t<\/div>\n\t\t<\/div>\n\t\t\t\t\t<\/div>\n\t\t<\/section>\n\t\t\t\t<section class=\"elementor-section elementor-top-section elementor-element elementor-element-d157fa0 elementor-section-boxed elementor-section-height-default elementor-section-height-default\" data-id=\"d157fa0\" data-element_type=\"section\">\n\t\t\t\t\t\t<div class=\"elementor-container elementor-column-gap-default\">\n\t\t\t\t\t<div class=\"elementor-column elementor-col-100 elementor-top-column elementor-element elementor-element-44a5537\" data-id=\"44a5537\" data-element_type=\"column\">\n\t\t\t<div class=\"elementor-widget-wrap elementor-element-populated\">\n\t\t\t\t\t\t<div class=\"elementor-element elementor-element-cb6dc6b elementor-widget elementor-widget-heading\" data-id=\"cb6dc6b\" data-element_type=\"widget\" data-widget_type=\"heading.default\">\n\t\t\t\t<div class=\"elementor-widget-container\">\n\t\t\t<p class=\"elementor-heading-title elementor-size-default\">Trois cuv\u00e9es, une exp\u00e9rience unique<\/p>\t\t<\/div>\n\t\t\t\t<\/div>\n\t\t\t\t<div class=\"elementor-element elementor-element-90a09e3 elementor-widget elementor-widget-heading\" data-id=\"90a09e3\" data-element_type=\"widget\" data-widget_type=\"heading.default\">\n\t\t\t\t<div class=\"elementor-widget-container\">\n\t\t\t<h2 class=\"elementor-heading-title elementor-size-default\">L\u2019art du champagne, d\u00e9voil\u00e9<\/h2>\t\t<\/div>\n\t\t\t\t<\/div>\n\t\t\t\t<div class=\"elementor-element elementor-element-b2625fd elementor-widget elementor-widget-text-editor\" data-id=\"b2625fd\" data-element_type=\"widget\" data-widget_type=\"text-editor.default\">\n\t\t\t\t<div class=\"elementor-widget-container\">\n\t\t\t\t\t\t\t<p>Chaque champagne Delarocque 1815 est une invitation \u00e0 explorer un monde de saveurs et d\u2019\u00e9motions. Que vous choisissiez l\u2019\u00e9l\u00e9gance fruit\u00e9e du Ros\u00e9, la fra\u00eecheur pure du Blanc de Blanc ou la sophistication intemporelle du Brut, nos cuv\u00e9es sont con\u00e7ues pour sublimer vos moments de partage et de f\u00eate. Gr\u00e2ce \u00e0 notre savoir-faire, nous nous effor\u00e7ons de capturer l\u2019essence de notre terroir et de vous offrir une exp\u00e9rience sensorielle inoubliable.<\/p>\n\t\t\t\t\t\t<\/div>\n\t\t\t\t<\/div>\n\t\t\t\t\t<\/div>\n\t\t<\/div>\n\t\t\t\t\t<\/div>\n\t\t<\/section>\n\t\t\t\t<section class=\"elementor-section elementor-top-section elementor-element elementor-element-6c51dd8 elementor-section-stretched elementor-reverse-mobile elementor-section-content-middle elementor-section-full_width elementor-section-height-default elementor-section-height-default\" data-id=\"6c51dd8\" data-element_type=\"section\" data-settings=\"{&quot;stretch_section&quot;:&quot;section-stretched&quot;,&quot;background_background&quot;:&quot;classic&quot;}\">\n\t\t\t\t\t\t<div class=\"elementor-container elementor-column-gap-no\">\n\t\t\t\t\t<div class=\"elementor-column elementor-col-100 elementor-top-column elementor-element elementor-element-560c0c2\" data-id=\"560c0c2\" data-element_type=\"column\" data-settings=\"{&quot;background_background&quot;:&quot;classic&quot;}\">\n\t\t\t<div class=\"elementor-widget-wrap elementor-element-populated\">\n\t\t\t\t\t<div class=\"elementor-background-overlay\"><\/div>\n\t\t\t\t\t\t<section class=\"elementor-section elementor-inner-section elementor-element elementor-element-c54a35b elementor-section-boxed elementor-section-height-default elementor-section-height-default\" data-id=\"c54a35b\" data-element_type=\"section\">\n\t\t\t\t\t\t<div class=\"elementor-container elementor-column-gap-default\">\n\t\t\t\t\t<div class=\"elementor-column elementor-col-50 elementor-inner-column elementor-element elementor-element-2ec6710\" data-id=\"2ec6710\" data-element_type=\"column\">\n\t\t\t<div class=\"elementor-widget-wrap elementor-element-populated\">\n\t\t\t\t\t\t<div class=\"elementor-element elementor-element-eaa26ce elementor-widget elementor-widget-heading\" data-id=\"eaa26ce\" data-element_type=\"widget\" data-widget_type=\"heading.default\">\n\t\t\t\t<div class=\"elementor-widget-container\">\n\t\t\t<p class=\"elementor-heading-title elementor-size-default\">\u00c9l\u00e9gance fruit\u00e9e<\/p>\t\t<\/div>\n\t\t\t\t<\/div>\n\t\t\t\t<div class=\"elementor-element elementor-element-1df8854 elementor-widget elementor-widget-heading\" data-id=\"1df8854\" data-element_type=\"widget\" data-widget_type=\"heading.default\">\n\t\t\t\t<div class=\"elementor-widget-container\">\n\t\t\t<h2 class=\"elementor-heading-title elementor-size-default\">Ros\u00e9<\/h2>\t\t<\/div>\n\t\t\t\t<\/div>\n\t\t\t\t<div class=\"elementor-element elementor-element-92f8dac elementor-widget elementor-widget-text-editor\" data-id=\"92f8dac\" data-element_type=\"widget\" data-widget_type=\"text-editor.default\">\n\t\t\t\t<div class=\"elementor-widget-container\">\n\t\t\t\t\t\t\t<p>Notre champagne Ros\u00e9 est une c\u00e9l\u00e9bration de la finesse et de la d\u00e9licatesse. Avec des ar\u00f4mes subtils de fruits rouges et une touche florale, il offre une exp\u00e9rience de d\u00e9gustation raffin\u00e9e. Parfait pour accompagner des desserts ou pour apporter une touche de romantisme \u00e0 vos moments sp\u00e9ciaux.<\/p>\n\t\t\t\t\t\t<\/div>\n\t\t\t\t<\/div>\n\t\t\t\t<div class=\"elementor-element elementor-element-424d3e3 elementor-align-left elementor-widget elementor-widget-button\" data-id=\"424d3e3\" data-element_type=\"widget\" data-widget_type=\"button.default\">\n\t\t\t\t<div class=\"elementor-widget-container\">\n\t\t\t\t\t\t\t<div class=\"elementor-button-wrapper\">\n\t\t\t\t\t<a class=\"elementor-button elementor-button-link elementor-size-md\" href=\"https:\/\/delarocque1815.com\/fr\/bouteilles\/delarocque-rose\/\">\n\t\t\t\t\t\t<span class=\"elementor-button-content-wrapper\">\n\t\t\t\t\t\t\t\t\t<span class=\"elementor-button-text\">Notre ros\u00e9<\/span>\n\t\t\t\t\t<\/span>\n\t\t\t\t\t<\/a>\n\t\t\t\t<\/div>\n\t\t\t\t\t\t<\/div>\n\t\t\t\t<\/div>\n\t\t\t\t\t<\/div>\n\t\t<\/div>\n\t\t\t\t<div class=\"elementor-column elementor-col-50 elementor-inner-column elementor-element elementor-element-4b72145\" data-id=\"4b72145\" data-element_type=\"column\">\n\t\t\t<div class=\"elementor-widget-wrap elementor-element-populated\">\n\t\t\t\t\t\t<div class=\"elementor-element elementor-element-a497b12 elementor-widget elementor-widget-image\" data-id=\"a497b12\" data-element_type=\"widget\" data-widget_type=\"image.default\">\n\t\t\t\t<div class=\"elementor-widget-container\">\n\t\t\t\t\t\t\t\t\t\t\t\t\t<img fetchpriority=\"high\" decoding=\"async\" width=\"408\" height=\"612\" src=\"https:\/\/delarocque1815.com\/wp-content\/uploads\/2024\/12\/rose_front_comm-scaled-removebg-preview.png\" class=\"attachment-large size-large wp-image-4811\" alt=\"\" srcset=\"https:\/\/delarocque1815.com\/wp-content\/uploads\/2024\/12\/rose_front_comm-scaled-removebg-preview.png 408w, https:\/\/delarocque1815.com\/wp-content\/uploads\/2024\/12\/rose_front_comm-scaled-removebg-preview-200x300.png 200w, https:\/\/delarocque1815.com\/wp-content\/uploads\/2024\/12\/rose_front_comm-scaled-removebg-preview-400x600.png 400w\" sizes=\"(max-width: 408px) 100vw, 408px\" \/>\t\t\t\t\t\t\t\t\t\t\t\t\t<\/div>\n\t\t\t\t<\/div>\n\t\t\t\t\t<\/div>\n\t\t<\/div>\n\t\t\t\t\t<\/div>\n\t\t<\/section>\n\t\t\t\t\t<\/div>\n\t\t<\/div>\n\t\t\t\t\t<\/div>\n\t\t<\/section>\n\t\t\t\t<section class=\"elementor-section elementor-top-section elementor-element elementor-element-a80acc0 elementor-section-stretched elementor-reverse-mobile elementor-section-content-middle elementor-section-full_width elementor-section-height-default elementor-section-height-default\" data-id=\"a80acc0\" data-element_type=\"section\" data-settings=\"{&quot;stretch_section&quot;:&quot;section-stretched&quot;,&quot;background_background&quot;:&quot;classic&quot;}\">\n\t\t\t\t\t\t<div class=\"elementor-container elementor-column-gap-no\">\n\t\t\t\t\t<div class=\"elementor-column elementor-col-100 elementor-top-column elementor-element elementor-element-3576083\" data-id=\"3576083\" data-element_type=\"column\" data-settings=\"{&quot;background_background&quot;:&quot;classic&quot;}\">\n\t\t\t<div class=\"elementor-widget-wrap elementor-element-populated\">\n\t\t\t\t\t<div class=\"elementor-background-overlay\"><\/div>\n\t\t\t\t\t\t<section class=\"elementor-section elementor-inner-section elementor-element elementor-element-860cfa3 elementor-section-boxed elementor-section-height-default elementor-section-height-default\" data-id=\"860cfa3\" data-element_type=\"section\">\n\t\t\t\t\t\t<div class=\"elementor-container elementor-column-gap-default\">\n\t\t\t\t\t<div class=\"elementor-column elementor-col-50 elementor-inner-column elementor-element elementor-element-d8fde4d\" data-id=\"d8fde4d\" data-element_type=\"column\">\n\t\t\t<div class=\"elementor-widget-wrap elementor-element-populated\">\n\t\t\t\t\t\t<div class=\"elementor-element elementor-element-f5d3e90 elementor-widget elementor-widget-heading\" data-id=\"f5d3e90\" data-element_type=\"widget\" data-widget_type=\"heading.default\">\n\t\t\t\t<div class=\"elementor-widget-container\">\n\t\t\t<p class=\"elementor-heading-title elementor-size-default\">Puret\u00e9 et fra\u00eecheur\n<\/p>\t\t<\/div>\n\t\t\t\t<\/div>\n\t\t\t\t<div class=\"elementor-element elementor-element-60463a4 elementor-widget elementor-widget-heading\" data-id=\"60463a4\" data-element_type=\"widget\" data-widget_type=\"heading.default\">\n\t\t\t\t<div class=\"elementor-widget-container\">\n\t\t\t<h2 class=\"elementor-heading-title elementor-size-default\">Blanc de Blancs<\/h2>\t\t<\/div>\n\t\t\t\t<\/div>\n\t\t\t\t<div class=\"elementor-element elementor-element-fd936c9 elementor-widget elementor-widget-text-editor\" data-id=\"fd936c9\" data-element_type=\"widget\" data-widget_type=\"text-editor.default\">\n\t\t\t\t<div class=\"elementor-widget-container\">\n\t\t\t\t\t\t\t<p>Fabriqu\u00e9 exclusivement \u00e0 partir de Chardonnay, notre Blanc de Blanc incarne la puret\u00e9 et la fra\u00eecheur. Ses notes d\u2019agrumes et min\u00e9rales en font le choix parfait pour rehausser les fruits de mer et les plats l\u00e9gers. Une exp\u00e9rience unique pour les amateurs d\u2019\u00e9l\u00e9gance.<\/p>\n\t\t\t\t\t\t<\/div>\n\t\t\t\t<\/div>\n\t\t\t\t<div class=\"elementor-element elementor-element-f324b3d elementor-align-left elementor-widget elementor-widget-button\" data-id=\"f324b3d\" data-element_type=\"widget\" data-widget_type=\"button.default\">\n\t\t\t\t<div class=\"elementor-widget-container\">\n\t\t\t\t\t\t\t<div class=\"elementor-button-wrapper\">\n\t\t\t\t\t<a class=\"elementor-button elementor-button-link elementor-size-md\" href=\"https:\/\/delarocque1815.com\/fr\/bouteilles\/delarocque-blanc-de-blancs\/\">\n\t\t\t\t\t\t<span class=\"elementor-button-content-wrapper\">\n\t\t\t\t\t\t\t\t\t<span class=\"elementor-button-text\">Notre blanc<\/span>\n\t\t\t\t\t<\/span>\n\t\t\t\t\t<\/a>\n\t\t\t\t<\/div>\n\t\t\t\t\t\t<\/div>\n\t\t\t\t<\/div>\n\t\t\t\t\t<\/div>\n\t\t<\/div>\n\t\t\t\t<div class=\"elementor-column elementor-col-50 elementor-inner-column elementor-element elementor-element-8cb3ec4\" data-id=\"8cb3ec4\" data-element_type=\"column\">\n\t\t\t<div class=\"elementor-widget-wrap elementor-element-populated\">\n\t\t\t\t\t\t<div class=\"elementor-element elementor-element-0e3e48e elementor-widget elementor-widget-image\" data-id=\"0e3e48e\" data-element_type=\"widget\" data-widget_type=\"image.default\">\n\t\t\t\t<div class=\"elementor-widget-container\">\n\t\t\t\t\t\t\t\t\t\t\t\t\t<img decoding=\"async\" width=\"408\" height=\"612\" src=\"https:\/\/delarocque1815.com\/wp-content\/uploads\/2024\/12\/bdb_front_comm-scaled-removebg-preview.png\" class=\"attachment-large size-large wp-image-4815\" alt=\"\" srcset=\"https:\/\/delarocque1815.com\/wp-content\/uploads\/2024\/12\/bdb_front_comm-scaled-removebg-preview.png 408w, https:\/\/delarocque1815.com\/wp-content\/uploads\/2024\/12\/bdb_front_comm-scaled-removebg-preview-200x300.png 200w, https:\/\/delarocque1815.com\/wp-content\/uploads\/2024\/12\/bdb_front_comm-scaled-removebg-preview-400x600.png 400w\" sizes=\"(max-width: 408px) 100vw, 408px\" \/>\t\t\t\t\t\t\t\t\t\t\t\t\t<\/div>\n\t\t\t\t<\/div>\n\t\t\t\t\t<\/div>\n\t\t<\/div>\n\t\t\t\t\t<\/div>\n\t\t<\/section>\n\t\t\t\t\t<\/div>\n\t\t<\/div>\n\t\t\t\t\t<\/div>\n\t\t<\/section>\n\t\t\t\t<section class=\"elementor-section elementor-top-section elementor-element elementor-element-e8059f1 elementor-section-stretched elementor-reverse-mobile elementor-section-content-middle elementor-section-full_width elementor-section-height-default elementor-section-height-default\" data-id=\"e8059f1\" data-element_type=\"section\" data-settings=\"{&quot;stretch_section&quot;:&quot;section-stretched&quot;,&quot;background_background&quot;:&quot;classic&quot;}\">\n\t\t\t\t\t\t<div class=\"elementor-container elementor-column-gap-no\">\n\t\t\t\t\t<div class=\"elementor-column elementor-col-100 elementor-top-column elementor-element elementor-element-e4d7511\" data-id=\"e4d7511\" data-element_type=\"column\" data-settings=\"{&quot;background_background&quot;:&quot;classic&quot;}\">\n\t\t\t<div class=\"elementor-widget-wrap elementor-element-populated\">\n\t\t\t\t\t<div class=\"elementor-background-overlay\"><\/div>\n\t\t\t\t\t\t<section class=\"elementor-section elementor-inner-section elementor-element elementor-element-75c454f elementor-section-boxed elementor-section-height-default elementor-section-height-default\" data-id=\"75c454f\" data-element_type=\"section\">\n\t\t\t\t\t\t<div class=\"elementor-container elementor-column-gap-default\">\n\t\t\t\t\t<div class=\"elementor-column elementor-col-50 elementor-inner-column elementor-element elementor-element-87ba082\" data-id=\"87ba082\" data-element_type=\"column\">\n\t\t\t<div class=\"elementor-widget-wrap elementor-element-populated\">\n\t\t\t\t\t\t<div class=\"elementor-element elementor-element-29f3b61 elementor-widget elementor-widget-heading\" data-id=\"29f3b61\" data-element_type=\"widget\" data-widget_type=\"heading.default\">\n\t\t\t\t<div class=\"elementor-widget-container\">\n\t\t\t<p class=\"elementor-heading-title elementor-size-default\">Expression classique<\/p>\t\t<\/div>\n\t\t\t\t<\/div>\n\t\t\t\t<div class=\"elementor-element elementor-element-680c773 elementor-widget elementor-widget-heading\" data-id=\"680c773\" data-element_type=\"widget\" data-widget_type=\"heading.default\">\n\t\t\t\t<div class=\"elementor-widget-container\">\n\t\t\t<h2 class=\"elementor-heading-title elementor-size-default\">Brut<\/h2>\t\t<\/div>\n\t\t\t\t<\/div>\n\t\t\t\t<div class=\"elementor-element elementor-element-0e9e80c elementor-widget elementor-widget-text-editor\" data-id=\"0e9e80c\" data-element_type=\"widget\" data-widget_type=\"text-editor.default\">\n\t\t\t\t<div class=\"elementor-widget-container\">\n\t\t\t\t\t\t\t<p>Symbole intemporel de la tradition champenoise, notre Brut charme par son \u00e9quilibre parfait entre vivacit\u00e9 et rondeur. Avec des notes de fruits m\u00fbrs et une finale subtilement toast\u00e9e, il s\u2019accorde harmonieusement avec une grande vari\u00e9t\u00e9 de plats.<\/p>\n\t\t\t\t\t\t<\/div>\n\t\t\t\t<\/div>\n\t\t\t\t<div class=\"elementor-element elementor-element-50d6e2f elementor-align-left elementor-widget elementor-widget-button\" data-id=\"50d6e2f\" data-element_type=\"widget\" data-widget_type=\"button.default\">\n\t\t\t\t<div class=\"elementor-widget-container\">\n\t\t\t\t\t\t\t<div class=\"elementor-button-wrapper\">\n\t\t\t\t\t<a class=\"elementor-button elementor-button-link elementor-size-md\" href=\"https:\/\/delarocque1815.com\/fr\/bouteilles\/delarocque-brut\/\">\n\t\t\t\t\t\t<span class=\"elementor-button-content-wrapper\">\n\t\t\t\t\t\t\t\t\t<span class=\"elementor-button-text\">Notre brut<\/span>\n\t\t\t\t\t<\/span>\n\t\t\t\t\t<\/a>\n\t\t\t\t<\/div>\n\t\t\t\t\t\t<\/div>\n\t\t\t\t<\/div>\n\t\t\t\t\t<\/div>\n\t\t<\/div>\n\t\t\t\t<div class=\"elementor-column elementor-col-50 elementor-inner-column elementor-element elementor-element-473ca94\" data-id=\"473ca94\" data-element_type=\"column\" data-settings=\"{&quot;background_background&quot;:&quot;classic&quot;}\">\n\t\t\t<div class=\"elementor-widget-wrap elementor-element-populated\">\n\t\t\t\t\t\t<div class=\"elementor-element elementor-element-f35fff9 elementor-widget elementor-widget-image\" data-id=\"f35fff9\" data-element_type=\"widget\" data-widget_type=\"image.default\">\n\t\t\t\t<div class=\"elementor-widget-container\">\n\t\t\t\t\t\t\t\t\t\t\t\t\t<img decoding=\"async\" width=\"408\" height=\"612\" src=\"https:\/\/delarocque1815.com\/wp-content\/uploads\/2024\/12\/brut_front_comm-scaled-removebg-preview.png\" class=\"attachment-large size-large wp-image-4822\" alt=\"\" srcset=\"https:\/\/delarocque1815.com\/wp-content\/uploads\/2024\/12\/brut_front_comm-scaled-removebg-preview.png 408w, https:\/\/delarocque1815.com\/wp-content\/uploads\/2024\/12\/brut_front_comm-scaled-removebg-preview-200x300.png 200w, https:\/\/delarocque1815.com\/wp-content\/uploads\/2024\/12\/brut_front_comm-scaled-removebg-preview-400x600.png 400w\" sizes=\"(max-width: 408px) 100vw, 408px\" \/>\t\t\t\t\t\t\t\t\t\t\t\t\t<\/div>\n\t\t\t\t<\/div>\n\t\t\t\t\t<\/div>\n\t\t<\/div>\n\t\t\t\t\t<\/div>\n\t\t<\/section>\n\t\t\t\t\t<\/div>\n\t\t<\/div>\n\t\t\t\t\t<\/div>\n\t\t<\/section>\n\t\t\t\t<\/div>\n\t\t","protected":false},"excerpt":{"rendered":"<p>Trois cuv\u00e9es, une exp\u00e9rience unique L\u2019art du champagne, d\u00e9voil\u00e9 Chaque champagne Delarocque 1815 est une invitation \u00e0 explorer un monde de saveurs et d\u2019\u00e9motions. Que vous choisissiez l\u2019\u00e9l\u00e9gance fruit\u00e9e du Ros\u00e9, la fra\u00eecheur pure du Blanc de Blanc ou la sophistication intemporelle du Brut, nos cuv\u00e9es sont con\u00e7ues pour sublimer vos moments de partage et [&hellip;]<\/p>\n","protected":false},"author":1,"featured_media":0,"parent":0,"menu_order":0,"comment_status":"closed","ping_status":"closed","template":"elementor_header_footer","meta":{"_acf_changed":false,"footnotes":""},"class_list":["post-2466","page","type-page","status-publish","hentry"],"acf":[],"jetpack_sharing_enabled":true,"yoast_head":"<!-- This site is optimized with the Yoast SEO Premium plugin v15.0 - https:\/\/yoast.com\/wordpress\/plugins\/seo\/ -->\n<title>Champagnes - Delarocque1815<\/title>\n<meta name=\"robots\" content=\"index, follow, max-snippet:-1, max-image-preview:large, max-video-preview:-1\" \/>\n<link rel=\"canonical\" href=\"https:\/\/delarocque1815.com\/fr\/champagnes\/\" \/>\n<meta property=\"og:locale\" content=\"fr_FR\" \/>\n<meta property=\"og:type\" content=\"article\" \/>\n<meta property=\"og:title\" content=\"Champagnes - Delarocque1815\" \/>\n<meta property=\"og:description\" content=\"Trois cuv\u00e9es, une exp\u00e9rience unique L\u2019art du champagne, d\u00e9voil\u00e9 Chaque champagne Delarocque 1815 est une invitation \u00e0 explorer un monde de saveurs et d\u2019\u00e9motions. Que vous choisissiez l\u2019\u00e9l\u00e9gance fruit\u00e9e du Ros\u00e9, la fra\u00eecheur pure du Blanc de Blanc ou la sophistication intemporelle du Brut, nos cuv\u00e9es sont con\u00e7ues pour sublimer vos moments de partage et [&hellip;]\" \/>\n<meta property=\"og:url\" content=\"https:\/\/delarocque1815.com\/fr\/champagnes\/\" \/>\n<meta property=\"og:site_name\" content=\"Delarocque1815\" \/>\n<meta property=\"article:publisher\" content=\"https:\/\/www.facebook.com\/delarocqueofficial\" \/>\n<meta property=\"article:modified_time\" content=\"2024-12-10T08:54:11+00:00\" \/>\n<meta property=\"og:image\" content=\"https:\/\/delarocque1815.com\/wp-content\/uploads\/2024\/12\/rose_front_comm-scaled-removebg-preview.png\" \/>\n<meta name=\"twitter:card\" content=\"summary_large_image\" \/>\n<script type=\"application\/ld+json\" class=\"yoast-schema-graph\">{\"@context\":\"https:\/\/schema.org\",\"@graph\":[{\"@type\":\"Organization\",\"@id\":\"https:\/\/delarocque1815.com\/fr\/#organization\",\"name\":\"Delarocque Champagne\",\"url\":\"https:\/\/delarocque1815.com\/fr\/\",\"sameAs\":[\"https:\/\/www.facebook.com\/delarocqueofficial\",\"https:\/\/www.instagram.com\/delarocqueofficial\/\",\"https:\/\/it.linkedin.com\/company\/delarocque-1815\",\"https:\/\/commons.wikimedia.org\/wiki\/File:Champagne_Delarocque_Logo.png\"],\"logo\":{\"@type\":\"ImageObject\",\"@id\":\"https:\/\/delarocque1815.com\/fr\/#logo\",\"inLanguage\":\"fr-FR\",\"url\":\"https:\/\/delarocque1815.com\/wp-content\/uploads\/2020\/06\/Delarocque-Champagne-Logo-vettoriale.png\",\"width\":1655,\"height\":998,\"caption\":\"Delarocque Champagne\"},\"image\":{\"@id\":\"https:\/\/delarocque1815.com\/fr\/#logo\"}},{\"@type\":\"WebSite\",\"@id\":\"https:\/\/delarocque1815.com\/fr\/#website\",\"url\":\"https:\/\/delarocque1815.com\/fr\/\",\"name\":\"Delarocque1815\",\"description\":\"L&#039;\\u00e9ternit\\u00e9 du go\\u00fbt\",\"publisher\":{\"@id\":\"https:\/\/delarocque1815.com\/fr\/#organization\"},\"potentialAction\":[{\"@type\":\"SearchAction\",\"target\":\"https:\/\/delarocque1815.com\/fr\/?s={search_term_string}\",\"query-input\":\"required name=search_term_string\"}],\"inLanguage\":\"fr-FR\"},{\"@type\":\"ImageObject\",\"@id\":\"https:\/\/delarocque1815.com\/fr\/champagnes\/#primaryimage\",\"inLanguage\":\"fr-FR\",\"url\":\"https:\/\/delarocque1815.com\/wp-content\/uploads\/2024\/12\/rose_front_comm-scaled-removebg-preview.png\",\"width\":408,\"height\":612},{\"@type\":\"WebPage\",\"@id\":\"https:\/\/delarocque1815.com\/fr\/champagnes\/#webpage\",\"url\":\"https:\/\/delarocque1815.com\/fr\/champagnes\/\",\"name\":\"Champagnes - Delarocque1815\",\"isPartOf\":{\"@id\":\"https:\/\/delarocque1815.com\/fr\/#website\"},\"primaryImageOfPage\":{\"@id\":\"https:\/\/delarocque1815.com\/fr\/champagnes\/#primaryimage\"},\"datePublished\":\"2020-09-22T14:44:26+00:00\",\"dateModified\":\"2024-12-10T08:54:11+00:00\",\"inLanguage\":\"fr-FR\",\"potentialAction\":[{\"@type\":\"ReadAction\",\"target\":[\"https:\/\/delarocque1815.com\/fr\/champagnes\/\"]}]}]}<\/script>\n<!-- \/ Yoast SEO Premium plugin. -->","_links":{"self":[{"href":"https:\/\/delarocque1815.com\/fr\/wp-json\/wp\/v2\/pages\/2466","targetHints":{"allow":["GET"]}}],"collection":[{"href":"https:\/\/delarocque1815.com\/fr\/wp-json\/wp\/v2\/pages"}],"about":[{"href":"https:\/\/delarocque1815.com\/fr\/wp-json\/wp\/v2\/types\/page"}],"author":[{"embeddable":true,"href":"https:\/\/delarocque1815.com\/fr\/wp-json\/wp\/v2\/users\/1"}],"replies":[{"embeddable":true,"href":"https:\/\/delarocque1815.com\/fr\/wp-json\/wp\/v2\/comments?post=2466"}],"version-history":[{"count":23,"href":"https:\/\/delarocque1815.com\/fr\/wp-json\/wp\/v2\/pages\/2466\/revisions"}],"predecessor-version":[{"id":5256,"href":"https:\/\/delarocque1815.com\/fr\/wp-json\/wp\/v2\/pages\/2466\/revisions\/5256"}],"wp:attachment":[{"href":"https:\/\/delarocque1815.com\/fr\/wp-json\/wp\/v2\/media?parent=2466"}],"curies":[{"name":"wp","href":"https:\/\/api.w.org\/{rel}","templated":true}]}}