{"id":4606,"date":"2024-12-07T02:19:15","date_gmt":"2024-12-07T01:19:15","guid":{"rendered":"https:\/\/delarocque1815.com\/mentions-legales\/"},"modified":"2024-12-07T16:07:15","modified_gmt":"2024-12-07T15:07:15","slug":"mentions-legales","status":"publish","type":"page","link":"https:\/\/delarocque1815.com\/fr\/mentions-legales\/","title":{"rendered":"Mentions l\u00e9gales"},"content":{"rendered":"\t\t<div data-elementor-type=\"wp-page\" data-elementor-id=\"4606\" class=\"elementor elementor-4606 elementor-4584\" data-elementor-post-type=\"page\">\n\t\t\t\t\t\t<section class=\"elementor-section elementor-top-section elementor-element elementor-element-c63d8b1 elementor-section-height-min-height elementor-section-boxed elementor-section-height-default elementor-section-items-middle\" data-id=\"c63d8b1\" data-element_type=\"section\" data-settings=\"{&quot;background_background&quot;:&quot;classic&quot;}\">\n\t\t\t\t\t\t<div class=\"elementor-container elementor-column-gap-default\">\n\t\t\t\t\t<div class=\"elementor-column elementor-col-100 elementor-top-column elementor-element elementor-element-818ca5c\" data-id=\"818ca5c\" data-element_type=\"column\">\n\t\t\t<div class=\"elementor-widget-wrap elementor-element-populated\">\n\t\t\t\t\t\t<div class=\"elementor-element elementor-element-3faafef elementor-align-center elementor-widget elementor-widget-post-info\" data-id=\"3faafef\" data-element_type=\"widget\" data-widget_type=\"post-info.default\">\n\t\t\t\t<div class=\"elementor-widget-container\">\n\t\t\t\t\t<ul class=\"elementor-icon-list-items elementor-post-info\">\n\t\t\t\t\t\t\t\t<li class=\"elementor-icon-list-item elementor-repeater-item-0c03273\">\n\t\t\t\t\t\t<a href=\"https:\/\/delarocque1815.com\/\">\n\t\t\t\t\t\t\t\t\t\t\t\t\t\t<span class=\"elementor-icon-list-text elementor-post-info__item elementor-post-info__item--type-custom\">\n\t\t\t\t\t\t\t\t\t\tDelarocque 1815\t\t\t\t\t<\/span>\n\t\t\t\t\t\t\t\t\t<\/a>\n\t\t\t\t<\/li>\n\t\t\t\t<\/ul>\n\t\t\t\t<\/div>\n\t\t\t\t<\/div>\n\t\t\t\t\t<\/div>\n\t\t<\/div>\n\t\t\t\t\t<\/div>\n\t\t<\/section>\n\t\t\t\t<section class=\"elementor-section elementor-top-section elementor-element elementor-element-fc129c4 elementor-section-boxed elementor-section-height-default elementor-section-height-default\" data-id=\"fc129c4\" data-element_type=\"section\">\n\t\t\t\t\t\t<div class=\"elementor-container elementor-column-gap-default\">\n\t\t\t\t\t<div class=\"elementor-column elementor-col-100 elementor-top-column elementor-element elementor-element-e0460d1\" data-id=\"e0460d1\" data-element_type=\"column\">\n\t\t\t<div class=\"elementor-widget-wrap elementor-element-populated\">\n\t\t\t\t\t\t<div class=\"elementor-element elementor-element-6ddedee elementor-widget elementor-widget-text-editor\" data-id=\"6ddedee\" data-element_type=\"widget\" data-widget_type=\"text-editor.default\">\n\t\t\t\t<div class=\"elementor-widget-container\">\n\t\t\t\t\t\t\t    <h1>Mentions l\u00e9gales<\/h1>\n    <p>Derni\u00e8re mise \u00e0 jour&nbsp;: 01\/12\/2024<\/p>\n\n    <h2>1. Editeur du site<\/h2>\n    <p>\n        <strong>Nom de l\u2019entreprise :<\/strong> DELAROCQUE 1815<br>\n        <strong>Forme juridique :<\/strong> Soci\u00e9t\u00e9 par Actions Simplifi\u00e9e (SAS)<br>\n        <strong>Capital social :<\/strong> 1 000,00 \u20ac<br>\n        <strong>Si\u00e8ge social :<\/strong> 18 Route Nationale, 10500 CHAUMESNIL, France<br>\n        <strong>N\u00b0 SIREN :<\/strong> 824 809 305<br>\n        <strong>N\u00b0 SIRET :<\/strong> 82480930500041<br>\n        <strong>RCS:<\/strong> Troyes B 824 809 305<br>\n        <strong>Num\u00e9ro de TVA :<\/strong> FR25824809305<br>\n        <strong>Adresse e-mail :<\/strong> <a href=\"mailto:contact@delarocque1815.com\">contact@delarocque1815.com<\/a><br><strong>Site Web :<\/strong> <a href=\"https:\/\/delarocque1815.com\/fr\/\" target=\"_blank\">https:\/\/delarocque1815.com\/<\/a>\n    <\/p>\n\n    <h2>2. H\u00e9bergeur du site Web<\/h2>\n    <p>  Le site est h\u00e9berg\u00e9 par OVH SAS :<br><strong>Adresse :<\/strong> 2 rue Kellermann, 59100 Roubaix, France<br><strong>T\u00e9l\u00e9phone :<\/strong> +33 9 72 10 10 07<br><strong>Site Web :<\/strong> <a href=\"https:\/\/www.ovhcloud.com\" target=\"_blank\">https:\/\/www.ovhcloud.com<\/a>\n    <\/p>\n\n    <h2>3. Directeur de la publication<\/h2>\n    <p>\n        <strong>Nom:<\/strong> Junior MAKASI<br><strong>R\u00f4le:<\/strong> Pr\u00e9sident de DELAROCQUE 1815  <\/p>\n\n    <h2>4. Propri\u00e9t\u00e9 intellectuelle<\/h2>\n    <p>  Le contenu de ce site Web, y compris, mais sans s\u2019y limiter, les textes, images, graphiques, logos et dessins, est la propri\u00e9t\u00e9 exclusive de DELAROCQUE 1815, sauf indication contraire. La reproduction, la distribution, la modification ou l\u2019utilisation non autoris\u00e9es sont strictement interdites et peuvent entra\u00eener des poursuites judiciaires.  <\/p>\n\n    <h2>5. Limitation de responsabilit\u00e9<\/h2>\n    <p>  DELAROCQUE 1815 s\u2019efforce d\u2019assurer l\u2019exactitude et la mise \u00e0 jour des informations figurant sur ce site Web. Toutefois, la soci\u00e9t\u00e9 ne saurait \u00eatre tenue responsable des erreurs, omissions, ou de toutes cons\u00e9quences r\u00e9sultant de l\u2019utilisation de ces informations. Le site Web est fourni \u00ab en l\u2019\u00e9tat \u00bb sans garantie d\u2019aucune sorte.  <\/p>\n\n    <h2>6. Donn\u00e9es personnelles<\/h2>\n    <p>  Les donn\u00e9es personnelles collect\u00e9es sur ce site web sont trait\u00e9es conform\u00e9ment aux r\u00e9glementations applicables en mati\u00e8re de protection des donn\u00e9es, y compris le R\u00e8glement g\u00e9n\u00e9ral sur la protection des donn\u00e9es (RGPD). Pour plus d\u2019informations, veuillez consulter notre <a href=\"https:\/\/delarocque1815.com\/fr\/?page_id=2478\" target=\"_blank\">politique de confidentialit\u00e9<\/a>.  <\/p>\n\n    <h2>7. Les cookies<\/h2>\n    <p>  Ce site Web utilise des cookies pour am\u00e9liorer l\u2019exp\u00e9rience de l\u2019utilisateur et analyser le trafic. En utilisant ce site web, vous consentez \u00e0 l\u2019utilisation de cookies. Pour plus de d\u00e9tails, veuillez consulter notre <a href=\"https:\/\/delarocque1815.com\/cookie-policy\/\" target=\"_blank\">politique en mati\u00e8re de cookies<\/a>.  <\/p>\n\n    <h2>8. Liens externes<\/h2>\n    <p>  Ce site Web peut contenir des liens vers des sites Web de tiers. DELAROCQUE 1815 n\u2019est pas responsable du contenu, des politiques de confidentialit\u00e9 ou des pratiques de ces sites externes.  <\/p>\n\n    <h2>9. Droit applicable<\/h2>\n    <p>  Les pr\u00e9sentes Mentions l\u00e9gales sont r\u00e9gies par le droit fran\u00e7ais. Tout litige survenant \u00e0 l\u2019occasion de l\u2019utilisation de ce site sera soumis \u00e0 la comp\u00e9tence des tribunaux de Troyes, en France.  <\/p>\n\n    <h2>10. Contacter<\/h2>\n    <p>  Pour toute question ou pr\u00e9occupation concernant le pr\u00e9sent avis juridique ou le site web, veuillez nous contacter : <br>Courriel : <a href=\"mailto:contact@delarocque1815.com\">contact@delarocque1815.com<\/a><br>Formulaire de contact : <a href=\"https:\/\/delarocque1815.com\/contact\/\" target=\"_blank\">https:\/\/delarocque1815.com\/contact\/<\/a>\n    <\/p>\n\t\t\t\t\t\t<\/div>\n\t\t\t\t<\/div>\n\t\t\t\t\t<\/div>\n\t\t<\/div>\n\t\t\t\t\t<\/div>\n\t\t<\/section>\n\t\t\t\t<\/div>\n\t\t","protected":false},"excerpt":{"rendered":"<p>Mentions l\u00e9gales Derni\u00e8re mise \u00e0 jour&nbsp;: 01\/12\/2024 1. Editeur du site Nom de l\u2019entreprise : DELAROCQUE 1815 Forme juridique : Soci\u00e9t\u00e9 par Actions Simplifi\u00e9e (SAS) Capital social : 1 000,00 \u20ac Si\u00e8ge social : 18 Route Nationale, 10500 CHAUMESNIL, France N\u00b0 SIREN : 824 809 305 N\u00b0 SIRET : 82480930500041 RCS: Troyes B 824 809 [&hellip;]<\/p>\n","protected":false},"author":8,"featured_media":0,"parent":0,"menu_order":0,"comment_status":"closed","ping_status":"closed","template":"elementor_header_footer","meta":{"_acf_changed":false,"footnotes":""},"class_list":["post-4606","page","type-page","status-publish","hentry"],"acf":[],"jetpack_sharing_enabled":true,"yoast_head":"<!-- This site is optimized with the Yoast SEO Premium plugin v15.0 - https:\/\/yoast.com\/wordpress\/plugins\/seo\/ -->\n<title>Mentions l\u00e9gales - Delarocque1815<\/title>\n<meta name=\"robots\" content=\"index, follow, max-snippet:-1, max-image-preview:large, max-video-preview:-1\" \/>\n<link rel=\"canonical\" href=\"https:\/\/delarocque1815.com\/fr\/mentions-legales\/\" \/>\n<meta property=\"og:locale\" content=\"fr_FR\" \/>\n<meta property=\"og:type\" content=\"article\" \/>\n<meta property=\"og:title\" content=\"Mentions l\u00e9gales - Delarocque1815\" \/>\n<meta property=\"og:description\" content=\"Mentions l\u00e9gales Derni\u00e8re mise \u00e0 jour&nbsp;: 01\/12\/2024 1. Editeur du site Nom de l\u2019entreprise : DELAROCQUE 1815 Forme juridique : Soci\u00e9t\u00e9 par Actions Simplifi\u00e9e (SAS) Capital social : 1 000,00 \u20ac Si\u00e8ge social : 18 Route Nationale, 10500 CHAUMESNIL, France N\u00b0 SIREN : 824 809 305 N\u00b0 SIRET : 82480930500041 RCS: Troyes B 824 809 [&hellip;]\" \/>\n<meta property=\"og:url\" content=\"https:\/\/delarocque1815.com\/fr\/mentions-legales\/\" \/>\n<meta property=\"og:site_name\" content=\"Delarocque1815\" \/>\n<meta property=\"article:publisher\" content=\"https:\/\/www.facebook.com\/delarocqueofficial\" \/>\n<meta property=\"article:modified_time\" content=\"2024-12-07T15:07:15+00:00\" \/>\n<meta name=\"twitter:card\" content=\"summary_large_image\" \/>\n<script type=\"application\/ld+json\" class=\"yoast-schema-graph\">{\"@context\":\"https:\/\/schema.org\",\"@graph\":[{\"@type\":\"Organization\",\"@id\":\"https:\/\/delarocque1815.com\/fr\/#organization\",\"name\":\"Delarocque Champagne\",\"url\":\"https:\/\/delarocque1815.com\/fr\/\",\"sameAs\":[\"https:\/\/www.facebook.com\/delarocqueofficial\",\"https:\/\/www.instagram.com\/delarocqueofficial\/\",\"https:\/\/it.linkedin.com\/company\/delarocque-1815\",\"https:\/\/commons.wikimedia.org\/wiki\/File:Champagne_Delarocque_Logo.png\"],\"logo\":{\"@type\":\"ImageObject\",\"@id\":\"https:\/\/delarocque1815.com\/fr\/#logo\",\"inLanguage\":\"fr-FR\",\"url\":\"https:\/\/delarocque1815.com\/wp-content\/uploads\/2020\/06\/Delarocque-Champagne-Logo-vettoriale.png\",\"width\":1655,\"height\":998,\"caption\":\"Delarocque Champagne\"},\"image\":{\"@id\":\"https:\/\/delarocque1815.com\/fr\/#logo\"}},{\"@type\":\"WebSite\",\"@id\":\"https:\/\/delarocque1815.com\/fr\/#website\",\"url\":\"https:\/\/delarocque1815.com\/fr\/\",\"name\":\"Delarocque1815\",\"description\":\"L&#039;\\u00e9ternit\\u00e9 du go\\u00fbt\",\"publisher\":{\"@id\":\"https:\/\/delarocque1815.com\/fr\/#organization\"},\"potentialAction\":[{\"@type\":\"SearchAction\",\"target\":\"https:\/\/delarocque1815.com\/fr\/?s={search_term_string}\",\"query-input\":\"required name=search_term_string\"}],\"inLanguage\":\"fr-FR\"},{\"@type\":\"WebPage\",\"@id\":\"https:\/\/delarocque1815.com\/fr\/mentions-legales\/#webpage\",\"url\":\"https:\/\/delarocque1815.com\/fr\/mentions-legales\/\",\"name\":\"Mentions l\\u00e9gales - Delarocque1815\",\"isPartOf\":{\"@id\":\"https:\/\/delarocque1815.com\/fr\/#website\"},\"datePublished\":\"2024-12-07T01:19:15+00:00\",\"dateModified\":\"2024-12-07T15:07:15+00:00\",\"inLanguage\":\"fr-FR\",\"potentialAction\":[{\"@type\":\"ReadAction\",\"target\":[\"https:\/\/delarocque1815.com\/fr\/mentions-legales\/\"]}]}]}<\/script>\n<!-- \/ Yoast SEO Premium plugin. -->","_links":{"self":[{"href":"https:\/\/delarocque1815.com\/fr\/wp-json\/wp\/v2\/pages\/4606","targetHints":{"allow":["GET"]}}],"collection":[{"href":"https:\/\/delarocque1815.com\/fr\/wp-json\/wp\/v2\/pages"}],"about":[{"href":"https:\/\/delarocque1815.com\/fr\/wp-json\/wp\/v2\/types\/page"}],"author":[{"embeddable":true,"href":"https:\/\/delarocque1815.com\/fr\/wp-json\/wp\/v2\/users\/8"}],"replies":[{"embeddable":true,"href":"https:\/\/delarocque1815.com\/fr\/wp-json\/wp\/v2\/comments?post=4606"}],"version-history":[{"count":2,"href":"https:\/\/delarocque1815.com\/fr\/wp-json\/wp\/v2\/pages\/4606\/revisions"}],"predecessor-version":[{"id":5031,"href":"https:\/\/delarocque1815.com\/fr\/wp-json\/wp\/v2\/pages\/4606\/revisions\/5031"}],"wp:attachment":[{"href":"https:\/\/delarocque1815.com\/fr\/wp-json\/wp\/v2\/media?parent=4606"}],"curies":[{"name":"wp","href":"https:\/\/api.w.org\/{rel}","templated":true}]}}