{"id":4426,"date":"2024-12-06T11:54:11","date_gmt":"2024-12-06T10:54:11","guid":{"rendered":"https:\/\/delarocque1815.com\/?post_type=product&#038;p=4426"},"modified":"2024-12-09T12:26:01","modified_gmt":"2024-12-09T11:26:01","slug":"delarocque-rose","status":"publish","type":"product","link":"https:\/\/delarocque1815.com\/fr\/bouteilles\/delarocque-rose\/","title":{"rendered":"DELAROCQUE ROS\u00c9"},"content":{"rendered":"<div class=\"product\">\n<h2>Champagne Ros\u00e9<\/h2>\n<p>Le Champagne Ros\u00e9 est le fruit d\u2019un assemblage magistral de 10% de Pinot Noir et 90% de Chardonnay, offrant un vin vibrant et expressif. Le Pinot Noir, issu du terroir de Vertus Premier Cru, apporte une profondeur aromatique intense, tandis que le Chardonnay du Mesnil-sur-Oger Grand Cru conf\u00e8re finesse et min\u00e9ralit\u00e9. Cet \u00e9quilibre entre les c\u00e9pages souligne toute la complexit\u00e9 et l&rsquo;\u00e9l\u00e9gance de ce champagne.<\/p>\n<p>Avec sa robe rose antique aux reflets ambr\u00e9s et son effervescence fine et persistante, ce Ros\u00e9 charme d\u00e8s le premier regard. Au nez, il d\u00e9voile des ar\u00f4mes de fraise et de framboise frais, harmonieusement mari\u00e9s \u00e0 des nuances de p\u00eache. En bouche, il se distingue par une texture soyeuse et une fra\u00eecheur vivifiante, laissant une impression durable de sophistication.<\/p>\n<p>Ce champagne est id\u00e9al en ap\u00e9ritif, accompagn\u00e9 d\u2019une planche de charcuterie, ou avec des plats tels que le veau \u00e0 la truffe, le canard confit ou le saumon sauvage. Pour les amateurs de desserts, il sublime les saveurs du chocolat noir ou des macarons, faisant de ce Ros\u00e9 un choix parfait pour des instants gourmands et passionn\u00e9s.<\/p>\n<\/div>\n","protected":false},"excerpt":{"rendered":"<p>Un m\u00e9lange vibrant de Pinot Noir et de Chardonnay avec des notes de fraise, framboise et p\u00eache. Ce Ros\u00e9 soyeux et aromatique accompagne parfaitement la charcuterie, le canard et les desserts au chocolat noir.<\/p>\n","protected":false},"featured_media":4427,"comment_status":"open","ping_status":"closed","template":"","meta":{"_acf_changed":false},"product_cat":[91],"product_tag":[],"class_list":{"0":"post-4426","1":"product","2":"type-product","3":"status-publish","4":"has-post-thumbnail","6":"product_cat-rose-fr","8":"first","9":"instock","10":"taxable","11":"shipping-taxable","12":"purchasable","13":"product-type-simple"},"acf":[],"jetpack_sharing_enabled":true,"yoast_head":"<!-- This site is optimized with the Yoast SEO Premium plugin v15.0 - https:\/\/yoast.com\/wordpress\/plugins\/seo\/ -->\n<title>DELAROCQUE ROS\u00c9 - Delarocque1815<\/title>\n<meta name=\"robots\" content=\"index, follow, max-snippet:-1, max-image-preview:large, max-video-preview:-1\" \/>\n<link rel=\"canonical\" href=\"https:\/\/delarocque1815.com\/fr\/bouteilles\/delarocque-rose\/\" \/>\n<meta property=\"og:locale\" content=\"fr_FR\" \/>\n<meta property=\"og:type\" content=\"article\" \/>\n<meta property=\"og:title\" content=\"DELAROCQUE ROS\u00c9 - Delarocque1815\" \/>\n<meta property=\"og:description\" content=\"Un m\u00e9lange vibrant de Pinot Noir et de Chardonnay avec des notes de fraise, framboise et p\u00eache. Ce Ros\u00e9 soyeux et aromatique accompagne parfaitement la charcuterie, le canard et les desserts au chocolat noir.\" \/>\n<meta property=\"og:url\" content=\"https:\/\/delarocque1815.com\/fr\/bouteilles\/delarocque-rose\/\" \/>\n<meta property=\"og:site_name\" content=\"Delarocque1815\" \/>\n<meta property=\"article:publisher\" content=\"https:\/\/www.facebook.com\/delarocqueofficial\" \/>\n<meta property=\"article:modified_time\" content=\"2024-12-09T11:26:01+00:00\" \/>\n<meta property=\"og:image\" content=\"https:\/\/delarocque1815.com\/wp-content\/uploads\/2024\/12\/rose_front_comm-scaled.jpg\" \/>\n\t<meta property=\"og:image:width\" content=\"1707\" \/>\n\t<meta property=\"og:image:height\" content=\"2560\" \/>\n<meta name=\"twitter:card\" content=\"summary_large_image\" \/>\n<script type=\"application\/ld+json\" class=\"yoast-schema-graph\">{\"@context\":\"https:\/\/schema.org\",\"@graph\":[{\"@type\":\"Organization\",\"@id\":\"https:\/\/delarocque1815.com\/fr\/#organization\",\"name\":\"Delarocque Champagne\",\"url\":\"https:\/\/delarocque1815.com\/fr\/\",\"sameAs\":[\"https:\/\/www.facebook.com\/delarocqueofficial\",\"https:\/\/www.instagram.com\/delarocqueofficial\/\",\"https:\/\/it.linkedin.com\/company\/delarocque-1815\",\"https:\/\/commons.wikimedia.org\/wiki\/File:Champagne_Delarocque_Logo.png\"],\"logo\":{\"@type\":\"ImageObject\",\"@id\":\"https:\/\/delarocque1815.com\/fr\/#logo\",\"inLanguage\":\"fr-FR\",\"url\":\"https:\/\/delarocque1815.com\/wp-content\/uploads\/2020\/06\/Delarocque-Champagne-Logo-vettoriale.png\",\"width\":1655,\"height\":998,\"caption\":\"Delarocque Champagne\"},\"image\":{\"@id\":\"https:\/\/delarocque1815.com\/fr\/#logo\"}},{\"@type\":\"WebSite\",\"@id\":\"https:\/\/delarocque1815.com\/fr\/#website\",\"url\":\"https:\/\/delarocque1815.com\/fr\/\",\"name\":\"Delarocque1815\",\"description\":\"L&#039;\\u00e9ternit\\u00e9 du go\\u00fbt\",\"publisher\":{\"@id\":\"https:\/\/delarocque1815.com\/fr\/#organization\"},\"potentialAction\":[{\"@type\":\"SearchAction\",\"target\":\"https:\/\/delarocque1815.com\/fr\/?s={search_term_string}\",\"query-input\":\"required name=search_term_string\"}],\"inLanguage\":\"fr-FR\"},{\"@type\":\"ImageObject\",\"@id\":\"https:\/\/delarocque1815.com\/fr\/bouteilles\/delarocque-rose\/#primaryimage\",\"inLanguage\":\"fr-FR\",\"url\":\"https:\/\/delarocque1815.com\/wp-content\/uploads\/2024\/12\/rose_front_comm-scaled.jpg\",\"width\":1707,\"height\":2560},{\"@type\":\"WebPage\",\"@id\":\"https:\/\/delarocque1815.com\/fr\/bouteilles\/delarocque-rose\/#webpage\",\"url\":\"https:\/\/delarocque1815.com\/fr\/bouteilles\/delarocque-rose\/\",\"name\":\"DELAROCQUE ROS\\u00c9 - Delarocque1815\",\"isPartOf\":{\"@id\":\"https:\/\/delarocque1815.com\/fr\/#website\"},\"primaryImageOfPage\":{\"@id\":\"https:\/\/delarocque1815.com\/fr\/bouteilles\/delarocque-rose\/#primaryimage\"},\"datePublished\":\"2024-12-06T10:54:11+00:00\",\"dateModified\":\"2024-12-09T11:26:01+00:00\",\"inLanguage\":\"fr-FR\",\"potentialAction\":[{\"@type\":\"ReadAction\",\"target\":[\"https:\/\/delarocque1815.com\/fr\/bouteilles\/delarocque-rose\/\"]}]}]}<\/script>\n<!-- \/ Yoast SEO Premium plugin. -->","_links":{"self":[{"href":"https:\/\/delarocque1815.com\/fr\/wp-json\/wp\/v2\/product\/4426","targetHints":{"allow":["GET"]}}],"collection":[{"href":"https:\/\/delarocque1815.com\/fr\/wp-json\/wp\/v2\/product"}],"about":[{"href":"https:\/\/delarocque1815.com\/fr\/wp-json\/wp\/v2\/types\/product"}],"replies":[{"embeddable":true,"href":"https:\/\/delarocque1815.com\/fr\/wp-json\/wp\/v2\/comments?post=4426"}],"wp:featuredmedia":[{"embeddable":true,"href":"https:\/\/delarocque1815.com\/fr\/wp-json\/wp\/v2\/media\/4427"}],"wp:attachment":[{"href":"https:\/\/delarocque1815.com\/fr\/wp-json\/wp\/v2\/media?parent=4426"}],"wp:term":[{"taxonomy":"product_cat","embeddable":true,"href":"https:\/\/delarocque1815.com\/fr\/wp-json\/wp\/v2\/product_cat?post=4426"},{"taxonomy":"product_tag","embeddable":true,"href":"https:\/\/delarocque1815.com\/fr\/wp-json\/wp\/v2\/product_tag?post=4426"}],"curies":[{"name":"wp","href":"https:\/\/api.w.org\/{rel}","templated":true}]}}