{"id":2460,"date":"2020-09-22T16:44:25","date_gmt":"2020-09-22T14:44:25","guid":{"rendered":"https:\/\/delarocque1815.com\/contatti\/"},"modified":"2024-12-10T11:18:00","modified_gmt":"2024-12-10T10:18:00","slug":"contatti","status":"publish","type":"page","link":"https:\/\/delarocque1815.com\/it\/contatti\/","title":{"rendered":"Contatti"},"content":{"rendered":"\t\t<div data-elementor-type=\"wp-page\" data-elementor-id=\"2460\" class=\"elementor elementor-2460 elementor-365\" data-elementor-post-type=\"page\">\n\t\t\t\t\t\t<section class=\"elementor-section elementor-top-section elementor-element elementor-element-7e285a8 elementor-section-height-min-height elementor-section-boxed elementor-section-height-default elementor-section-items-middle\" data-id=\"7e285a8\" data-element_type=\"section\" data-settings=\"{&quot;background_background&quot;:&quot;classic&quot;}\">\n\t\t\t\t\t\t<div class=\"elementor-container elementor-column-gap-default\">\n\t\t\t\t\t<div class=\"elementor-column elementor-col-100 elementor-top-column elementor-element elementor-element-ed73281\" data-id=\"ed73281\" data-element_type=\"column\">\n\t\t\t<div class=\"elementor-widget-wrap elementor-element-populated\">\n\t\t\t\t\t\t<div class=\"elementor-element elementor-element-161c6b0 elementor-align-center elementor-widget elementor-widget-post-info\" data-id=\"161c6b0\" data-element_type=\"widget\" data-widget_type=\"post-info.default\">\n\t\t\t\t<div class=\"elementor-widget-container\">\n\t\t\t\t\t<ul class=\"elementor-icon-list-items elementor-post-info\">\n\t\t\t\t\t\t\t\t<li class=\"elementor-icon-list-item elementor-repeater-item-0c03273\">\n\t\t\t\t\t\t<a href=\"https:\/\/delarocque1815.com\/\">\n\t\t\t\t\t\t\t\t\t\t\t\t\t\t<span class=\"elementor-icon-list-text elementor-post-info__item elementor-post-info__item--type-custom\">\n\t\t\t\t\t\t\t\t\t\tDelarocque 1815\t\t\t\t\t<\/span>\n\t\t\t\t\t\t\t\t\t<\/a>\n\t\t\t\t<\/li>\n\t\t\t\t<\/ul>\n\t\t\t\t<\/div>\n\t\t\t\t<\/div>\n\t\t\t\t\t<\/div>\n\t\t<\/div>\n\t\t\t\t\t<\/div>\n\t\t<\/section>\n\t\t\t\t<section class=\"elementor-section elementor-top-section elementor-element elementor-element-80330c0 elementor-section-boxed elementor-section-height-default elementor-section-height-default\" data-id=\"80330c0\" data-element_type=\"section\">\n\t\t\t\t\t\t<div class=\"elementor-container elementor-column-gap-default\">\n\t\t\t\t\t<div class=\"elementor-column elementor-col-50 elementor-top-column elementor-element elementor-element-bde55d4\" data-id=\"bde55d4\" data-element_type=\"column\">\n\t\t\t<div class=\"elementor-widget-wrap elementor-element-populated\">\n\t\t\t\t\t\t<div class=\"elementor-element elementor-element-91bb835 elementor-widget elementor-widget-text-editor\" data-id=\"91bb835\" data-element_type=\"widget\" data-widget_type=\"text-editor.default\">\n\t\t\t\t<div class=\"elementor-widget-container\">\n\t\t\t\t\t\t\t<p><strong>Contatta Delarocque 1815: un&#8217;esperienza personalizzata su misura per te<\/strong><\/p>\n<div class=\"flex max-w-full flex-col flex-grow\">\n<div class=\"min-h-8 text-message flex w-full flex-col items-end gap-2 whitespace-normal break-words text-start [.text-message+&amp;]:mt-5\" dir=\"auto\" data-message-author-role=\"assistant\" data-message-id=\"5a3aaac3-0cd6-4df2-bdea-00d490fd09f7\" data-message-model-slug=\"gpt-4o\">\n<div class=\"flex w-full flex-col gap-1 empty:hidden first:pt-[3px]\">\n<div class=\"markdown prose w-full break-words dark:prose-invert dark\">\n<p>In <strong>Delarocque 1815<\/strong>, la tua soddisfazione \u00e8 al centro di tutto ci\u00f2 che facciamo. Che tu abbia una richiesta, un ordine speciale, una proposta di partnership o semplicemente una domanda sui nostri prodotti, il nostro team dedicato \u00e8 qui per soddisfare tutte le tue esigenze. Sappiamo che ogni cliente \u00e8 unico, proprio come ogni bottiglia del nostro champagne. Ecco perch\u00e9 siamo orgogliosi di fornirvi un servizio su misura che riflette la nostra prestigiosa eredit\u00e0.<\/p>\n<p>Puoi contattarci tramite il nostro <strong>modulo di contatto online<\/strong>. Prendendoti un momento per compilare i dettagli necessari, ci permetti di gestire la tua richiesta con la precisione e la cura che contraddistinguono Maison Delarocque 1815. Ci impegniamo a risponderti il pi\u00f9 rapidamente possibile, in genere entro <strong>72 ore lavorative<\/strong>.<\/p>\n<\/div>\n<\/div>\n<\/div>\n<\/div>\n\t\t\t\t\t\t<\/div>\n\t\t\t\t<\/div>\n\t\t\t\t\t<\/div>\n\t\t<\/div>\n\t\t\t\t<div class=\"elementor-column elementor-col-50 elementor-top-column elementor-element elementor-element-5dacaae\" data-id=\"5dacaae\" data-element_type=\"column\">\n\t\t\t<div class=\"elementor-widget-wrap elementor-element-populated\">\n\t\t\t\t\t\t<div class=\"elementor-element elementor-element-5e4bdd2 elementor-button-align-stretch elementor-widget elementor-widget-form\" data-id=\"5e4bdd2\" data-element_type=\"widget\" data-settings=\"{&quot;step_next_label&quot;:&quot;Suivant&quot;,&quot;step_previous_label&quot;:&quot;Pr\\u00e9c\\u00e9dent&quot;,&quot;button_width&quot;:&quot;100&quot;,&quot;step_type&quot;:&quot;number_text&quot;,&quot;step_icon_shape&quot;:&quot;circle&quot;}\" data-widget_type=\"form.default\">\n\t\t\t\t<div class=\"elementor-widget-container\">\n\t\t\t\t\t<form class=\"elementor-form\" method=\"post\" name=\"Modulo di contatto\">\n\t\t\t<input type=\"hidden\" name=\"post_id\" value=\"2460\"\/>\n\t\t\t<input type=\"hidden\" name=\"form_id\" value=\"5e4bdd2\"\/>\n\t\t\t<input type=\"hidden\" name=\"referer_title\" value=\"Delarocque1815\" \/>\n\n\t\t\t\n\t\t\t<div class=\"elementor-form-fields-wrapper elementor-labels-\">\n\t\t\t\t\t\t\t\t<div class=\"elementor-field-type-text elementor-field-group elementor-column elementor-field-group-1 elementor-col-100\">\n\t\t\t\t\t\t\t\t\t\t\t\t<label for=\"form-field-1\" class=\"elementor-field-label elementor-screen-only\">\n\t\t\t\t\t\t\t\tNome\t\t\t\t\t\t\t<\/label>\n\t\t\t\t\t\t\t\t\t\t\t\t\t\t<input size=\"1\" type=\"text\" name=\"form_fields[1]\" id=\"form-field-1\" class=\"elementor-field elementor-size-sm  elementor-field-textual\" placeholder=\"Nome\">\n\t\t\t\t\t\t\t\t\t\t\t<\/div>\n\t\t\t\t\t\t\t\t<div class=\"elementor-field-type-email elementor-field-group elementor-column elementor-field-group-2 elementor-col-100 elementor-field-required\">\n\t\t\t\t\t\t\t\t\t\t\t\t<label for=\"form-field-2\" class=\"elementor-field-label elementor-screen-only\">\n\t\t\t\t\t\t\t\tE-mail\t\t\t\t\t\t\t<\/label>\n\t\t\t\t\t\t\t\t\t\t\t\t\t\t<input size=\"1\" type=\"email\" name=\"form_fields[2]\" id=\"form-field-2\" class=\"elementor-field elementor-size-sm  elementor-field-textual\" placeholder=\"E-mail\" required=\"required\" aria-required=\"true\">\n\t\t\t\t\t\t\t\t\t\t\t<\/div>\n\t\t\t\t\t\t\t\t<div class=\"elementor-field-type-text elementor-field-group elementor-column elementor-field-group-3 elementor-col-100\">\n\t\t\t\t\t\t\t\t\t\t\t\t<label for=\"form-field-3\" class=\"elementor-field-label elementor-screen-only\">\n\t\t\t\t\t\t\t\tTelefono\t\t\t\t\t\t\t<\/label>\n\t\t\t\t\t\t\t\t\t\t\t\t\t\t<input size=\"1\" type=\"text\" name=\"form_fields[3]\" id=\"form-field-3\" class=\"elementor-field elementor-size-sm  elementor-field-textual\" placeholder=\"Telefono\">\n\t\t\t\t\t\t\t\t\t\t\t<\/div>\n\t\t\t\t\t\t\t\t<div class=\"elementor-field-type-text elementor-field-group elementor-column elementor-field-group-4 elementor-col-100\">\n\t\t\t\t\t\t\t\t\t\t\t\t<label for=\"form-field-4\" class=\"elementor-field-label elementor-screen-only\">\n\t\t\t\t\t\t\t\tOggetto\t\t\t\t\t\t\t<\/label>\n\t\t\t\t\t\t\t\t\t\t\t\t\t\t<input size=\"1\" type=\"text\" name=\"form_fields[4]\" id=\"form-field-4\" class=\"elementor-field elementor-size-sm  elementor-field-textual\" placeholder=\"Oggetto\">\n\t\t\t\t\t\t\t\t\t\t\t<\/div>\n\t\t\t\t\t\t\t\t<div class=\"elementor-field-type-textarea elementor-field-group elementor-column elementor-field-group-5 elementor-col-100\">\n\t\t\t\t\t\t\t\t\t\t\t\t<label for=\"form-field-5\" class=\"elementor-field-label elementor-screen-only\">\n\t\t\t\t\t\t\t\tMessaggio\t\t\t\t\t\t\t<\/label>\n\t\t\t\t\t\t<textarea class=\"elementor-field-textual elementor-field  elementor-size-sm\" name=\"form_fields[5]\" id=\"form-field-5\" rows=\"4\" placeholder=\"Messaggio\"><\/textarea>\t\t\t\t<\/div>\n\t\t\t\t\t\t\t\t<div class=\"elementor-field-type-recaptcha elementor-field-group elementor-column elementor-field-group-field_27a98f5 elementor-col-100\">\n\t\t\t\t\t<div class=\"elementor-field\" id=\"form-field-field_27a98f5\"><div class=\"elementor-g-recaptcha\" data-sitekey=\"6LcripYqAAAAACBQp7sURgYgIjKjOIfFQcbIsEfL\" data-type=\"v2_checkbox\" data-theme=\"light\" data-size=\"normal\"><\/div><\/div>\t\t\t\t<\/div>\n\t\t\t\t\t\t\t\t<div class=\"elementor-field-group elementor-column elementor-field-type-submit elementor-col-100 e-form__buttons\">\n\t\t\t\t\t<button class=\"elementor-button elementor-size-sm\" type=\"submit\">\n\t\t\t\t\t\t<span class=\"elementor-button-content-wrapper\">\n\t\t\t\t\t\t\t\t\t\t\t\t\t\t\t\t\t\t\t\t\t\t<span class=\"elementor-button-text\">INVIA<\/span>\n\t\t\t\t\t\t\t\t\t\t\t\t\t<\/span>\n\t\t\t\t\t<\/button>\n\t\t\t\t<\/div>\n\t\t\t<\/div>\n\t\t<\/form>\n\t\t\t\t<\/div>\n\t\t\t\t<\/div>\n\t\t\t\t\t<\/div>\n\t\t<\/div>\n\t\t\t\t\t<\/div>\n\t\t<\/section>\n\t\t\t\t<section class=\"elementor-section elementor-top-section elementor-element elementor-element-0665eb9 elementor-section-boxed elementor-section-height-default elementor-section-height-default\" data-id=\"0665eb9\" data-element_type=\"section\">\n\t\t\t\t\t\t<div class=\"elementor-container elementor-column-gap-default\">\n\t\t\t\t\t<div class=\"elementor-column elementor-col-100 elementor-top-column elementor-element elementor-element-06256d2\" data-id=\"06256d2\" data-element_type=\"column\">\n\t\t\t<div class=\"elementor-widget-wrap elementor-element-populated\">\n\t\t\t\t\t\t<div class=\"elementor-element elementor-element-a56b934 elementor-widget elementor-widget-text-editor\" data-id=\"a56b934\" data-element_type=\"widget\" data-widget_type=\"text-editor.default\">\n\t\t\t\t<div class=\"elementor-widget-container\">\n\t\t\t\t\t\t\t<p>La <strong>Maison Delarocque 1815<\/strong> vi ringrazia per la vostra fiducia e non vede l&#8217;ora di mettervi presto in contatto con voi. Insieme, rendiamo ogni interazione un incontro unico, segnato dall&#8217;eccellenza e dall&#8217;eleganza che ci definiscono da oltre due secoli.<\/p>\n\t\t\t\t\t\t<\/div>\n\t\t\t\t<\/div>\n\t\t\t\t\t<\/div>\n\t\t<\/div>\n\t\t\t\t\t<\/div>\n\t\t<\/section>\n\t\t\t\t<\/div>\n\t\t","protected":false},"excerpt":{"rendered":"<p>Contatta Delarocque 1815: un&#8217;esperienza personalizzata su misura per te In Delarocque 1815, la tua soddisfazione \u00e8 al centro di tutto ci\u00f2 che facciamo. Che tu abbia una richiesta, un ordine speciale, una proposta di partnership o semplicemente una domanda sui nostri prodotti, il nostro team dedicato \u00e8 qui per soddisfare tutte le tue esigenze. Sappiamo [&hellip;]<\/p>\n","protected":false},"author":1,"featured_media":0,"parent":0,"menu_order":0,"comment_status":"closed","ping_status":"closed","template":"elementor_header_footer","meta":{"_acf_changed":false,"footnotes":""},"class_list":["post-2460","page","type-page","status-publish","hentry"],"acf":[],"jetpack_sharing_enabled":true,"yoast_head":"<!-- This site is optimized with the Yoast SEO Premium plugin v15.0 - https:\/\/yoast.com\/wordpress\/plugins\/seo\/ -->\n<title>Contatti - Delarocque1815<\/title>\n<meta name=\"robots\" content=\"index, follow, max-snippet:-1, max-image-preview:large, max-video-preview:-1\" \/>\n<link rel=\"canonical\" href=\"https:\/\/delarocque1815.com\/it\/contatti\/\" \/>\n<meta property=\"og:locale\" content=\"it_IT\" \/>\n<meta property=\"og:type\" content=\"article\" \/>\n<meta property=\"og:title\" content=\"Contatti - Delarocque1815\" \/>\n<meta property=\"og:description\" content=\"Contatta Delarocque 1815: un&#8217;esperienza personalizzata su misura per te In Delarocque 1815, la tua soddisfazione \u00e8 al centro di tutto ci\u00f2 che facciamo. Che tu abbia una richiesta, un ordine speciale, una proposta di partnership o semplicemente una domanda sui nostri prodotti, il nostro team dedicato \u00e8 qui per soddisfare tutte le tue esigenze. Sappiamo [&hellip;]\" \/>\n<meta property=\"og:url\" content=\"https:\/\/delarocque1815.com\/it\/contatti\/\" \/>\n<meta property=\"og:site_name\" content=\"Delarocque1815\" \/>\n<meta property=\"article:publisher\" content=\"https:\/\/www.facebook.com\/delarocqueofficial\" \/>\n<meta property=\"article:modified_time\" content=\"2024-12-10T10:18:00+00:00\" \/>\n<meta name=\"twitter:card\" content=\"summary_large_image\" \/>\n<script type=\"application\/ld+json\" class=\"yoast-schema-graph\">{\"@context\":\"https:\/\/schema.org\",\"@graph\":[{\"@type\":\"Organization\",\"@id\":\"https:\/\/delarocque1815.com\/it\/#organization\",\"name\":\"Delarocque Champagne\",\"url\":\"https:\/\/delarocque1815.com\/it\/\",\"sameAs\":[\"https:\/\/www.facebook.com\/delarocqueofficial\",\"https:\/\/www.instagram.com\/delarocqueofficial\/\",\"https:\/\/it.linkedin.com\/company\/delarocque-1815\",\"https:\/\/commons.wikimedia.org\/wiki\/File:Champagne_Delarocque_Logo.png\"],\"logo\":{\"@type\":\"ImageObject\",\"@id\":\"https:\/\/delarocque1815.com\/it\/#logo\",\"inLanguage\":\"it-IT\",\"url\":\"https:\/\/delarocque1815.com\/wp-content\/uploads\/2020\/06\/Delarocque-Champagne-Logo-vettoriale.png\",\"width\":1655,\"height\":998,\"caption\":\"Delarocque Champagne\"},\"image\":{\"@id\":\"https:\/\/delarocque1815.com\/it\/#logo\"}},{\"@type\":\"WebSite\",\"@id\":\"https:\/\/delarocque1815.com\/it\/#website\",\"url\":\"https:\/\/delarocque1815.com\/it\/\",\"name\":\"Delarocque1815\",\"description\":\"L&#039;\\u00e9ternit\\u00e9 du go\\u00fbt\",\"publisher\":{\"@id\":\"https:\/\/delarocque1815.com\/it\/#organization\"},\"potentialAction\":[{\"@type\":\"SearchAction\",\"target\":\"https:\/\/delarocque1815.com\/it\/?s={search_term_string}\",\"query-input\":\"required name=search_term_string\"}],\"inLanguage\":\"it-IT\"},{\"@type\":\"WebPage\",\"@id\":\"https:\/\/delarocque1815.com\/it\/contatti\/#webpage\",\"url\":\"https:\/\/delarocque1815.com\/it\/contatti\/\",\"name\":\"Contatti - Delarocque1815\",\"isPartOf\":{\"@id\":\"https:\/\/delarocque1815.com\/it\/#website\"},\"datePublished\":\"2020-09-22T14:44:25+00:00\",\"dateModified\":\"2024-12-10T10:18:00+00:00\",\"inLanguage\":\"it-IT\",\"potentialAction\":[{\"@type\":\"ReadAction\",\"target\":[\"https:\/\/delarocque1815.com\/it\/contatti\/\"]}]}]}<\/script>\n<!-- \/ Yoast SEO Premium plugin. -->","_links":{"self":[{"href":"https:\/\/delarocque1815.com\/it\/wp-json\/wp\/v2\/pages\/2460","targetHints":{"allow":["GET"]}}],"collection":[{"href":"https:\/\/delarocque1815.com\/it\/wp-json\/wp\/v2\/pages"}],"about":[{"href":"https:\/\/delarocque1815.com\/it\/wp-json\/wp\/v2\/types\/page"}],"author":[{"embeddable":true,"href":"https:\/\/delarocque1815.com\/it\/wp-json\/wp\/v2\/users\/1"}],"replies":[{"embeddable":true,"href":"https:\/\/delarocque1815.com\/it\/wp-json\/wp\/v2\/comments?post=2460"}],"version-history":[{"count":21,"href":"https:\/\/delarocque1815.com\/it\/wp-json\/wp\/v2\/pages\/2460\/revisions"}],"predecessor-version":[{"id":5312,"href":"https:\/\/delarocque1815.com\/it\/wp-json\/wp\/v2\/pages\/2460\/revisions\/5312"}],"wp:attachment":[{"href":"https:\/\/delarocque1815.com\/it\/wp-json\/wp\/v2\/media?parent=2460"}],"curies":[{"name":"wp","href":"https:\/\/api.w.org\/{rel}","templated":true}]}}