{"id":3395,"date":"2024-12-05T18:06:33","date_gmt":"2024-12-05T17:06:33","guid":{"rendered":"https:\/\/delarocque1815.com\/il-mio-account\/"},"modified":"2024-12-07T16:04:22","modified_gmt":"2024-12-07T15:04:22","slug":"il-mio-account","status":"publish","type":"page","link":"https:\/\/delarocque1815.com\/it\/il-mio-account\/","title":{"rendered":"Il mio account"},"content":{"rendered":"\t\t<div data-elementor-type=\"wp-page\" data-elementor-id=\"3395\" class=\"elementor elementor-3395 elementor-3330\" data-elementor-post-type=\"page\">\n\t\t\t\t\t\t<section class=\"elementor-section elementor-top-section elementor-element elementor-element-bb20e95 elementor-section-height-min-height elementor-section-boxed elementor-section-height-default elementor-section-items-middle\" data-id=\"bb20e95\" data-element_type=\"section\" data-settings=\"{&quot;background_background&quot;:&quot;classic&quot;}\">\n\t\t\t\t\t\t<div class=\"elementor-container elementor-column-gap-default\">\n\t\t\t\t\t<div class=\"elementor-column elementor-col-100 elementor-top-column elementor-element elementor-element-20bf113\" data-id=\"20bf113\" data-element_type=\"column\">\n\t\t\t<div class=\"elementor-widget-wrap elementor-element-populated\">\n\t\t\t\t\t\t<div class=\"elementor-element elementor-element-f99576c elementor-align-center elementor-widget elementor-widget-post-info\" data-id=\"f99576c\" data-element_type=\"widget\" data-widget_type=\"post-info.default\">\n\t\t\t\t<div class=\"elementor-widget-container\">\n\t\t\t\t\t<ul class=\"elementor-icon-list-items elementor-post-info\">\n\t\t\t\t\t\t\t\t<li class=\"elementor-icon-list-item elementor-repeater-item-0c03273\">\n\t\t\t\t\t\t<a href=\"https:\/\/delarocque1815.com\/\">\n\t\t\t\t\t\t\t\t\t\t\t\t\t\t<span class=\"elementor-icon-list-text elementor-post-info__item elementor-post-info__item--type-custom\">\n\t\t\t\t\t\t\t\t\t\tDelarocque 1815\t\t\t\t\t<\/span>\n\t\t\t\t\t\t\t\t\t<\/a>\n\t\t\t\t<\/li>\n\t\t\t\t<\/ul>\n\t\t\t\t<\/div>\n\t\t\t\t<\/div>\n\t\t\t\t\t<\/div>\n\t\t<\/div>\n\t\t\t\t\t<\/div>\n\t\t<\/section>\n\t\t\t\t<section class=\"elementor-section elementor-top-section elementor-element elementor-element-229bc72 elementor-section-boxed elementor-section-height-default elementor-section-height-default\" data-id=\"229bc72\" data-element_type=\"section\">\n\t\t\t\t\t\t<div class=\"elementor-container elementor-column-gap-default\">\n\t\t\t\t\t<div class=\"elementor-column elementor-col-100 elementor-top-column elementor-element elementor-element-71e4652\" data-id=\"71e4652\" data-element_type=\"column\">\n\t\t\t<div class=\"elementor-widget-wrap elementor-element-populated\">\n\t\t\t\t\t\t<div class=\"elementor-element elementor-element-58fa561 e-my-account-tabs-vertical elementor-widget elementor-widget-woocommerce-my-account\" data-id=\"58fa561\" data-element_type=\"widget\" data-widget_type=\"woocommerce-my-account.default\">\n\t\t\t\t<div class=\"elementor-widget-container\">\n\t\t\t<div class=\"e-my-account-tab e-my-account-tab__ \">\t\t\t<div class=\"woocommerce\"><\/div>\t\t<\/div>\n\t\t\t\t<\/div>\n\t\t\t\t<\/div>\n\t\t\t\t\t<\/div>\n\t\t<\/div>\n\t\t\t\t\t<\/div>\n\t\t<\/section>\n\t\t\t\t<\/div>\n\t\t","protected":false},"excerpt":{"rendered":"<p>Cruscotto Ordini Download Indirizzo Moyens de paiement Dettagli del conto Logout Bonjour Stef (vous n\u2019\u00eates pas Stef\u00a0? D\u00e9connexion) \u00c0 partir du tableau de bord de votre compte, vous pouvez visualiser vos commandes r\u00e9centes, g\u00e9rer vos adresses de livraison et de facturation ainsi que changer votre mot de passe et les d\u00e9tails de votre compte.<\/p>\n","protected":false},"author":1,"featured_media":0,"parent":0,"menu_order":0,"comment_status":"closed","ping_status":"closed","template":"elementor_header_footer","meta":{"_acf_changed":false,"footnotes":""},"class_list":["post-3395","page","type-page","status-publish","hentry"],"acf":[],"jetpack_sharing_enabled":true,"yoast_head":"<!-- This site is optimized with the Yoast SEO Premium plugin v15.0 - https:\/\/yoast.com\/wordpress\/plugins\/seo\/ -->\n<title>Il mio account - Delarocque1815<\/title>\n<meta name=\"robots\" content=\"index, follow, max-snippet:-1, max-image-preview:large, max-video-preview:-1\" \/>\n<link rel=\"canonical\" href=\"https:\/\/delarocque1815.com\/it\/il-mio-account\/\" \/>\n<meta property=\"og:locale\" content=\"it_IT\" \/>\n<meta property=\"og:type\" content=\"article\" \/>\n<meta property=\"og:title\" content=\"Il mio account - Delarocque1815\" \/>\n<meta property=\"og:description\" content=\"Cruscotto Ordini Download Indirizzo Moyens de paiement Dettagli del conto Logout Bonjour Stef (vous n\u2019\u00eates pas Stef\u00a0? D\u00e9connexion) \u00c0 partir du tableau de bord de votre compte, vous pouvez visualiser vos commandes r\u00e9centes, g\u00e9rer vos adresses de livraison et de facturation ainsi que changer votre mot de passe et les d\u00e9tails de votre compte.\" \/>\n<meta property=\"og:url\" content=\"https:\/\/delarocque1815.com\/it\/il-mio-account\/\" \/>\n<meta property=\"og:site_name\" content=\"Delarocque1815\" \/>\n<meta property=\"article:publisher\" content=\"https:\/\/www.facebook.com\/delarocqueofficial\" \/>\n<meta property=\"article:modified_time\" content=\"2024-12-07T15:04:22+00:00\" \/>\n<meta name=\"twitter:card\" content=\"summary_large_image\" \/>\n<script type=\"application\/ld+json\" class=\"yoast-schema-graph\">{\"@context\":\"https:\/\/schema.org\",\"@graph\":[{\"@type\":\"Organization\",\"@id\":\"https:\/\/delarocque1815.com\/it\/#organization\",\"name\":\"Delarocque Champagne\",\"url\":\"https:\/\/delarocque1815.com\/it\/\",\"sameAs\":[\"https:\/\/www.facebook.com\/delarocqueofficial\",\"https:\/\/www.instagram.com\/delarocqueofficial\/\",\"https:\/\/it.linkedin.com\/company\/delarocque-1815\",\"https:\/\/commons.wikimedia.org\/wiki\/File:Champagne_Delarocque_Logo.png\"],\"logo\":{\"@type\":\"ImageObject\",\"@id\":\"https:\/\/delarocque1815.com\/it\/#logo\",\"inLanguage\":\"it-IT\",\"url\":\"https:\/\/delarocque1815.com\/wp-content\/uploads\/2020\/06\/Delarocque-Champagne-Logo-vettoriale.png\",\"width\":1655,\"height\":998,\"caption\":\"Delarocque Champagne\"},\"image\":{\"@id\":\"https:\/\/delarocque1815.com\/it\/#logo\"}},{\"@type\":\"WebSite\",\"@id\":\"https:\/\/delarocque1815.com\/it\/#website\",\"url\":\"https:\/\/delarocque1815.com\/it\/\",\"name\":\"Delarocque1815\",\"description\":\"L&#039;\\u00e9ternit\\u00e9 du go\\u00fbt\",\"publisher\":{\"@id\":\"https:\/\/delarocque1815.com\/it\/#organization\"},\"potentialAction\":[{\"@type\":\"SearchAction\",\"target\":\"https:\/\/delarocque1815.com\/it\/?s={search_term_string}\",\"query-input\":\"required name=search_term_string\"}],\"inLanguage\":\"it-IT\"},{\"@type\":\"WebPage\",\"@id\":\"https:\/\/delarocque1815.com\/it\/il-mio-account\/#webpage\",\"url\":\"https:\/\/delarocque1815.com\/it\/il-mio-account\/\",\"name\":\"Il mio account - Delarocque1815\",\"isPartOf\":{\"@id\":\"https:\/\/delarocque1815.com\/it\/#website\"},\"datePublished\":\"2024-12-05T17:06:33+00:00\",\"dateModified\":\"2024-12-07T15:04:22+00:00\",\"inLanguage\":\"it-IT\",\"potentialAction\":[{\"@type\":\"ReadAction\",\"target\":[\"https:\/\/delarocque1815.com\/it\/il-mio-account\/\"]}]}]}<\/script>\n<!-- \/ Yoast SEO Premium plugin. -->","_links":{"self":[{"href":"https:\/\/delarocque1815.com\/it\/wp-json\/wp\/v2\/pages\/3395","targetHints":{"allow":["GET"]}}],"collection":[{"href":"https:\/\/delarocque1815.com\/it\/wp-json\/wp\/v2\/pages"}],"about":[{"href":"https:\/\/delarocque1815.com\/it\/wp-json\/wp\/v2\/types\/page"}],"author":[{"embeddable":true,"href":"https:\/\/delarocque1815.com\/it\/wp-json\/wp\/v2\/users\/1"}],"replies":[{"embeddable":true,"href":"https:\/\/delarocque1815.com\/it\/wp-json\/wp\/v2\/comments?post=3395"}],"version-history":[{"count":5,"href":"https:\/\/delarocque1815.com\/it\/wp-json\/wp\/v2\/pages\/3395\/revisions"}],"predecessor-version":[{"id":5015,"href":"https:\/\/delarocque1815.com\/it\/wp-json\/wp\/v2\/pages\/3395\/revisions\/5015"}],"wp:attachment":[{"href":"https:\/\/delarocque1815.com\/it\/wp-json\/wp\/v2\/media?parent=3395"}],"curies":[{"name":"wp","href":"https:\/\/api.w.org\/{rel}","templated":true}]}}