{"id":4440,"date":"2024-12-06T11:59:27","date_gmt":"2024-12-06T10:59:27","guid":{"rendered":"https:\/\/delarocque1815.com\/produit\/delarocque-blanc-de-blancs\/"},"modified":"2024-12-09T12:31:12","modified_gmt":"2024-12-09T11:31:12","slug":"delarocque-blanc-de-blancs","status":"publish","type":"product","link":"https:\/\/delarocque1815.com\/it\/bottiglie\/delarocque-blanc-de-blancs\/","title":{"rendered":"DELAROCQUE BLANC DE BLANCS"},"content":{"rendered":"<div class=\"product\">\n<h2>Champagne Blanc de Blancs<\/h2>\n<p>Prodotto esclusivamente con 100% Chardonnay proveniente dalla prestigiosa regione della C\u00f4te des Blancs, questo Champagne Blanc de Blancs incarna purezza ed eleganza. Le uve, raccolte con cura a maturazione ottimale, vengono vinificate con metodi tradizionali per preservare le caratteristiche uniche del terroir. Invecchiato per almeno tre anni in bottiglie di champagne a una temperatura costante di 12\u00b0C, questo champagne sviluppa una complessit\u00e0 e una finezza incomparabili.<\/p>\n<p>Lo Champagne Blanc de Blancs ha un colore giallo paglierino con luminosi riflessi dorati e una delicata effervescenza. Al naso offre sottili aromi floreali che ricordano gli alberi in fiore, oltre a note di frutta gialla e agrumi. Al palato seduce per la sua dolcezza, rotondit\u00e0 e freschezza, con un finale generoso ed equilibrato, intriso di una piacevole mineralit\u00e0 e di una vivace acidit\u00e0.<\/p>\n<p>Ideale per un aperitivo estivo, questo champagne si abbina perfettamente a piatti a base di pesce come carpaccio di crostacei, capesante, sashimi o branzino alla griglia. \u00c8 anche un meraviglioso accompagnamento a formaggi leggeri dal gusto delicato. Questo Blanc de Blancs \u00e8 una scelta raffinata e versatile per ogni occasione.<\/p>\n<\/div>\n","protected":false},"excerpt":{"rendered":"<p>Uno champagne raffinato, ottenuto da 100% Chardonnay della C\u00f4te des Blancs, che offre un delicato aroma floreale, note agrumate e un finale fresco ed equilibrato. Perfetto per antipasti di mare ed estivi.<\/p>\n","protected":false},"featured_media":4434,"comment_status":"open","ping_status":"closed","template":"","meta":{"_acf_changed":false},"product_cat":[94],"product_tag":[],"class_list":{"0":"post-4440","1":"product","2":"type-product","3":"status-publish","4":"has-post-thumbnail","6":"product_cat-blanc-de-blancs-it","8":"first","9":"instock","10":"taxable","11":"shipping-taxable","12":"purchasable","13":"product-type-simple"},"acf":[],"jetpack_sharing_enabled":true,"yoast_head":"<!-- This site is optimized with the Yoast SEO Premium plugin v15.0 - https:\/\/yoast.com\/wordpress\/plugins\/seo\/ -->\n<title>DELAROCQUE BLANC DE BLANCS - Delarocque1815<\/title>\n<meta name=\"robots\" content=\"index, follow, max-snippet:-1, max-image-preview:large, max-video-preview:-1\" \/>\n<link rel=\"canonical\" href=\"https:\/\/delarocque1815.com\/it\/bottiglie\/delarocque-blanc-de-blancs\/\" \/>\n<meta property=\"og:locale\" content=\"it_IT\" \/>\n<meta property=\"og:type\" content=\"article\" \/>\n<meta property=\"og:title\" content=\"DELAROCQUE BLANC DE BLANCS - Delarocque1815\" \/>\n<meta property=\"og:description\" content=\"Uno champagne raffinato, ottenuto da 100% Chardonnay della C\u00f4te des Blancs, che offre un delicato aroma floreale, note agrumate e un finale fresco ed equilibrato. Perfetto per antipasti di mare ed estivi.\" \/>\n<meta property=\"og:url\" content=\"https:\/\/delarocque1815.com\/it\/bottiglie\/delarocque-blanc-de-blancs\/\" \/>\n<meta property=\"og:site_name\" content=\"Delarocque1815\" \/>\n<meta property=\"article:publisher\" content=\"https:\/\/www.facebook.com\/delarocqueofficial\" \/>\n<meta property=\"article:modified_time\" content=\"2024-12-09T11:31:12+00:00\" \/>\n<meta property=\"og:image\" content=\"https:\/\/delarocque1815.com\/wp-content\/uploads\/2024\/12\/bdb_front_comm-scaled.jpg\" \/>\n\t<meta property=\"og:image:width\" content=\"1707\" \/>\n\t<meta property=\"og:image:height\" content=\"2560\" \/>\n<meta name=\"twitter:card\" content=\"summary_large_image\" \/>\n<script type=\"application\/ld+json\" class=\"yoast-schema-graph\">{\"@context\":\"https:\/\/schema.org\",\"@graph\":[{\"@type\":\"Organization\",\"@id\":\"https:\/\/delarocque1815.com\/it\/#organization\",\"name\":\"Delarocque Champagne\",\"url\":\"https:\/\/delarocque1815.com\/it\/\",\"sameAs\":[\"https:\/\/www.facebook.com\/delarocqueofficial\",\"https:\/\/www.instagram.com\/delarocqueofficial\/\",\"https:\/\/it.linkedin.com\/company\/delarocque-1815\",\"https:\/\/commons.wikimedia.org\/wiki\/File:Champagne_Delarocque_Logo.png\"],\"logo\":{\"@type\":\"ImageObject\",\"@id\":\"https:\/\/delarocque1815.com\/it\/#logo\",\"inLanguage\":\"it-IT\",\"url\":\"https:\/\/delarocque1815.com\/wp-content\/uploads\/2020\/06\/Delarocque-Champagne-Logo-vettoriale.png\",\"width\":1655,\"height\":998,\"caption\":\"Delarocque Champagne\"},\"image\":{\"@id\":\"https:\/\/delarocque1815.com\/it\/#logo\"}},{\"@type\":\"WebSite\",\"@id\":\"https:\/\/delarocque1815.com\/it\/#website\",\"url\":\"https:\/\/delarocque1815.com\/it\/\",\"name\":\"Delarocque1815\",\"description\":\"L&#039;\\u00e9ternit\\u00e9 du go\\u00fbt\",\"publisher\":{\"@id\":\"https:\/\/delarocque1815.com\/it\/#organization\"},\"potentialAction\":[{\"@type\":\"SearchAction\",\"target\":\"https:\/\/delarocque1815.com\/it\/?s={search_term_string}\",\"query-input\":\"required name=search_term_string\"}],\"inLanguage\":\"it-IT\"},{\"@type\":\"ImageObject\",\"@id\":\"https:\/\/delarocque1815.com\/it\/bottiglie\/delarocque-blanc-de-blancs\/#primaryimage\",\"inLanguage\":\"it-IT\",\"url\":\"https:\/\/delarocque1815.com\/wp-content\/uploads\/2024\/12\/bdb_front_comm-scaled.jpg\",\"width\":1707,\"height\":2560},{\"@type\":\"WebPage\",\"@id\":\"https:\/\/delarocque1815.com\/it\/bottiglie\/delarocque-blanc-de-blancs\/#webpage\",\"url\":\"https:\/\/delarocque1815.com\/it\/bottiglie\/delarocque-blanc-de-blancs\/\",\"name\":\"DELAROCQUE BLANC DE BLANCS - Delarocque1815\",\"isPartOf\":{\"@id\":\"https:\/\/delarocque1815.com\/it\/#website\"},\"primaryImageOfPage\":{\"@id\":\"https:\/\/delarocque1815.com\/it\/bottiglie\/delarocque-blanc-de-blancs\/#primaryimage\"},\"datePublished\":\"2024-12-06T10:59:27+00:00\",\"dateModified\":\"2024-12-09T11:31:12+00:00\",\"inLanguage\":\"it-IT\",\"potentialAction\":[{\"@type\":\"ReadAction\",\"target\":[\"https:\/\/delarocque1815.com\/it\/bottiglie\/delarocque-blanc-de-blancs\/\"]}]}]}<\/script>\n<!-- \/ Yoast SEO Premium plugin. -->","_links":{"self":[{"href":"https:\/\/delarocque1815.com\/it\/wp-json\/wp\/v2\/product\/4440","targetHints":{"allow":["GET"]}}],"collection":[{"href":"https:\/\/delarocque1815.com\/it\/wp-json\/wp\/v2\/product"}],"about":[{"href":"https:\/\/delarocque1815.com\/it\/wp-json\/wp\/v2\/types\/product"}],"replies":[{"embeddable":true,"href":"https:\/\/delarocque1815.com\/it\/wp-json\/wp\/v2\/comments?post=4440"}],"wp:featuredmedia":[{"embeddable":true,"href":"https:\/\/delarocque1815.com\/it\/wp-json\/wp\/v2\/media\/4434"}],"wp:attachment":[{"href":"https:\/\/delarocque1815.com\/it\/wp-json\/wp\/v2\/media?parent=4440"}],"wp:term":[{"taxonomy":"product_cat","embeddable":true,"href":"https:\/\/delarocque1815.com\/it\/wp-json\/wp\/v2\/product_cat?post=4440"},{"taxonomy":"product_tag","embeddable":true,"href":"https:\/\/delarocque1815.com\/it\/wp-json\/wp\/v2\/product_tag?post=4440"}],"curies":[{"name":"wp","href":"https:\/\/api.w.org\/{rel}","templated":true}]}}