{"id":4789,"date":"2024-12-06T11:54:11","date_gmt":"2024-12-07T09:48:37","guid":{"rendered":"https:\/\/delarocque1815.com\/champagnes\/delarocque-rose\/"},"modified":"2024-12-09T14:59:23","modified_gmt":"2024-12-09T13:59:23","slug":"delarocque-rose","status":"publish","type":"product","link":"https:\/\/delarocque1815.com\/it\/bottiglie\/delarocque-rose\/","title":{"rendered":"DELAROCQUE ROS\u00c9"},"content":{"rendered":"<div class=\"product\">\n<h2>Champagne Ros\u00e9<\/h2>\n<p>Lo Champagne Ros\u00e9 \u00e8 il risultato di un magistrale assemblaggio di 10% Pinot Noir e 90% Chardonnay, offrendo un vino vibrante ed espressivo. Il Pinot Noir, proveniente dal terroir Vertus Premier Cru, apporta un&#8217;intensa profondit\u00e0 aromatica, mentre lo Chardonnay da Mesnil-sur-Oger Grand Cru conferisce finezza e mineralit\u00e0. Questo equilibrio tra i vitigni sottolinea tutta la complessit\u00e0 e l&#8217;eleganza di questo champagne.<\/p>\n<p>Con il suo colore rosa antico con riflessi ambrati e la sua effervescenza fine e persistente, questo Ros\u00e9 incanta fin dal primo sguardo. Al naso rivela aromi di fragola e lampone fresco, armoniosamente combinati con sfumature di pesca. Al palato si distingue per una consistenza setosa e una freschezza tonificante, che lascia un&#8217;impressione duratura di raffinatezza.<\/p>\n<p>Questo champagne \u00e8 ideale come aperitivo, accompagnato da un tagliere di salumi, o con piatti come il vitello al tartufo, l&#8217;anatra confit o il salmone selvatico. Per gli amanti dei dolci, sublima i sapori del cioccolato fondente o degli amaretti, rendendo questo Ros\u00e9 una scelta perfetta per momenti gourmet e passionali.<\/p>\n<\/div>\n","protected":false},"excerpt":{"rendered":"<p>Un vibrante blend di Pinot Nero e Chardonnay con sentori di fragola, lampone e pesca. Questo Ros\u00e9 setoso e aromatico \u00e8 l&#8217;accompagnamento perfetto per salumi, dessert all&#8217;anatra e al cioccolato fondente.<\/p>\n","protected":false},"featured_media":4430,"comment_status":"open","ping_status":"closed","template":"","meta":{"_acf_changed":false},"product_cat":[93],"product_tag":[],"class_list":{"0":"post-4789","1":"product","2":"type-product","3":"status-publish","4":"has-post-thumbnail","6":"product_cat-rose-it","8":"first","9":"instock","10":"taxable","11":"shipping-taxable","12":"purchasable","13":"product-type-simple"},"acf":[],"jetpack_sharing_enabled":true,"yoast_head":"<!-- This site is optimized with the Yoast SEO Premium plugin v15.0 - https:\/\/yoast.com\/wordpress\/plugins\/seo\/ -->\n<title>DELAROCQUE ROS\u00c9 - Delarocque1815<\/title>\n<meta name=\"robots\" content=\"index, follow, max-snippet:-1, max-image-preview:large, max-video-preview:-1\" \/>\n<link rel=\"canonical\" href=\"https:\/\/delarocque1815.com\/it\/bottiglie\/delarocque-rose\/\" \/>\n<meta property=\"og:locale\" content=\"it_IT\" \/>\n<meta property=\"og:type\" content=\"article\" \/>\n<meta property=\"og:title\" content=\"DELAROCQUE ROS\u00c9 - Delarocque1815\" \/>\n<meta property=\"og:description\" content=\"Un vibrante blend di Pinot Nero e Chardonnay con sentori di fragola, lampone e pesca. Questo Ros\u00e9 setoso e aromatico \u00e8 l&#039;accompagnamento perfetto per salumi, dessert all&#039;anatra e al cioccolato fondente.\" \/>\n<meta property=\"og:url\" content=\"https:\/\/delarocque1815.com\/it\/bottiglie\/delarocque-rose\/\" \/>\n<meta property=\"og:site_name\" content=\"Delarocque1815\" \/>\n<meta property=\"article:publisher\" content=\"https:\/\/www.facebook.com\/delarocqueofficial\" \/>\n<meta property=\"article:modified_time\" content=\"2024-12-09T13:59:23+00:00\" \/>\n<meta property=\"og:image\" content=\"https:\/\/delarocque1815.com\/wp-content\/uploads\/2024\/12\/rose_front_comm-scaled.jpg\" \/>\n\t<meta property=\"og:image:width\" content=\"1707\" \/>\n\t<meta property=\"og:image:height\" content=\"2560\" \/>\n<meta name=\"twitter:card\" content=\"summary_large_image\" \/>\n<script type=\"application\/ld+json\" class=\"yoast-schema-graph\">{\"@context\":\"https:\/\/schema.org\",\"@graph\":[{\"@type\":\"Organization\",\"@id\":\"https:\/\/delarocque1815.com\/it\/#organization\",\"name\":\"Delarocque Champagne\",\"url\":\"https:\/\/delarocque1815.com\/it\/\",\"sameAs\":[\"https:\/\/www.facebook.com\/delarocqueofficial\",\"https:\/\/www.instagram.com\/delarocqueofficial\/\",\"https:\/\/it.linkedin.com\/company\/delarocque-1815\",\"https:\/\/commons.wikimedia.org\/wiki\/File:Champagne_Delarocque_Logo.png\"],\"logo\":{\"@type\":\"ImageObject\",\"@id\":\"https:\/\/delarocque1815.com\/it\/#logo\",\"inLanguage\":\"it-IT\",\"url\":\"https:\/\/delarocque1815.com\/wp-content\/uploads\/2020\/06\/Delarocque-Champagne-Logo-vettoriale.png\",\"width\":1655,\"height\":998,\"caption\":\"Delarocque Champagne\"},\"image\":{\"@id\":\"https:\/\/delarocque1815.com\/it\/#logo\"}},{\"@type\":\"WebSite\",\"@id\":\"https:\/\/delarocque1815.com\/it\/#website\",\"url\":\"https:\/\/delarocque1815.com\/it\/\",\"name\":\"Delarocque1815\",\"description\":\"L&#039;\\u00e9ternit\\u00e9 du go\\u00fbt\",\"publisher\":{\"@id\":\"https:\/\/delarocque1815.com\/it\/#organization\"},\"potentialAction\":[{\"@type\":\"SearchAction\",\"target\":\"https:\/\/delarocque1815.com\/it\/?s={search_term_string}\",\"query-input\":\"required name=search_term_string\"}],\"inLanguage\":\"it-IT\"},{\"@type\":\"ImageObject\",\"@id\":\"https:\/\/delarocque1815.com\/it\/bottiglie\/delarocque-rose\/#primaryimage\",\"inLanguage\":\"it-IT\",\"url\":\"https:\/\/delarocque1815.com\/wp-content\/uploads\/2024\/12\/rose_front_comm-scaled.jpg\",\"width\":1707,\"height\":2560},{\"@type\":\"WebPage\",\"@id\":\"https:\/\/delarocque1815.com\/it\/bottiglie\/delarocque-rose\/#webpage\",\"url\":\"https:\/\/delarocque1815.com\/it\/bottiglie\/delarocque-rose\/\",\"name\":\"DELAROCQUE ROS\\u00c9 - Delarocque1815\",\"isPartOf\":{\"@id\":\"https:\/\/delarocque1815.com\/it\/#website\"},\"primaryImageOfPage\":{\"@id\":\"https:\/\/delarocque1815.com\/it\/bottiglie\/delarocque-rose\/#primaryimage\"},\"datePublished\":\"2024-12-07T09:48:37+00:00\",\"dateModified\":\"2024-12-09T13:59:23+00:00\",\"inLanguage\":\"it-IT\",\"potentialAction\":[{\"@type\":\"ReadAction\",\"target\":[\"https:\/\/delarocque1815.com\/it\/bottiglie\/delarocque-rose\/\"]}]}]}<\/script>\n<!-- \/ Yoast SEO Premium plugin. -->","_links":{"self":[{"href":"https:\/\/delarocque1815.com\/it\/wp-json\/wp\/v2\/product\/4789","targetHints":{"allow":["GET"]}}],"collection":[{"href":"https:\/\/delarocque1815.com\/it\/wp-json\/wp\/v2\/product"}],"about":[{"href":"https:\/\/delarocque1815.com\/it\/wp-json\/wp\/v2\/types\/product"}],"replies":[{"embeddable":true,"href":"https:\/\/delarocque1815.com\/it\/wp-json\/wp\/v2\/comments?post=4789"}],"wp:featuredmedia":[{"embeddable":true,"href":"https:\/\/delarocque1815.com\/it\/wp-json\/wp\/v2\/media\/4430"}],"wp:attachment":[{"href":"https:\/\/delarocque1815.com\/it\/wp-json\/wp\/v2\/media?parent=4789"}],"wp:term":[{"taxonomy":"product_cat","embeddable":true,"href":"https:\/\/delarocque1815.com\/it\/wp-json\/wp\/v2\/product_cat?post=4789"},{"taxonomy":"product_tag","embeddable":true,"href":"https:\/\/delarocque1815.com\/it\/wp-json\/wp\/v2\/product_tag?post=4789"}],"curies":[{"name":"wp","href":"https:\/\/api.w.org\/{rel}","templated":true}]}}