{"id":4441,"date":"2024-12-06T11:36:38","date_gmt":"2024-12-06T10:36:38","guid":{"rendered":"https:\/\/delarocque1815.com\/produit\/delarocque-brut\/"},"modified":"2024-12-09T14:56:28","modified_gmt":"2024-12-09T13:56:28","slug":"delarocque-brut","status":"publish","type":"product","link":"https:\/\/delarocque1815.com\/zh-hans\/\u74f6\u5b50\/delarocque-brut\/","title":{"rendered":"DELAROCQUE BRUT"},"content":{"rendered":"<div class=\"product\">\n<h2>Champagne Brut<\/h2>\n<p>Le Champagne Brut refl\u00e8te les traditions intemporelles de l&#8217;assemblage champenois, combinant 60% de Pinot Noir, 30% de Chardonnay et 10% de Pinot Meunier. Ce mariage des c\u00e9pages r\u00e9unit le corps du Pinot Noir, la puret\u00e9 du Chardonnay et la douceur subtile du Pinot Meunier, pour un champagne empreint de classe et de caract\u00e8re incomparable.<\/p>\n<p>Sa robe p\u00e2le aux reflets \u00e9meraude s\u2019accompagne d\u2019un perlage subtil et \u00e9l\u00e9gant. Au nez, il s\u00e9duit par une palette aromatique m\u00ealant des notes florales et fruit\u00e9es, cr\u00e9ant un bouquet harmonieux et envo\u00fbtant. En bouche, il est d\u00e9licat et affirm\u00e9, \u00e9quilibrant la rondeur du Pinot Noir avec une expression douce des fruits et une finale fra\u00eeche et vive.<\/p>\n<p>Ce champagne polyvalent est parfait pour accompagner des calamars grill\u00e9s, des plateaux de fruits de mer, des viandes blanches ou des poissons d\u2019eau douce. Il brille \u00e9galement en ap\u00e9ritif, notamment servi avec des sushis ou des sashimis. Le Champagne Brut incarne tout le savoir-faire de la Maison Delarocque, alliant \u00e9l\u00e9gance et raffinement pour toutes vos c\u00e9l\u00e9brations.<\/p>\n<\/div>\n","protected":false},"excerpt":{"rendered":"<p>Un champagne classique combinant Pinot Noir, Chardonnay et Pinot Meunier. Avec ses notes florales et fruit\u00e9es, il est id\u00e9al pour les fruits de mer, les viandes blanches et les sushis, offrant une finale fra\u00eeche et \u00e9l\u00e9gante.<\/p>\n","protected":false},"featured_media":4422,"comment_status":"open","ping_status":"closed","template":"","meta":{"_acf_changed":false},"product_cat":[66],"product_tag":[],"class_list":{"0":"post-4441","1":"product","2":"type-product","3":"status-publish","4":"has-post-thumbnail","6":"product_cat-brut","8":"first","9":"instock","10":"taxable","11":"shipping-taxable","12":"purchasable","13":"product-type-variable"},"acf":[],"jetpack_sharing_enabled":true,"yoast_head":"<!-- This site is optimized with the Yoast SEO Premium plugin v15.0 - https:\/\/yoast.com\/wordpress\/plugins\/seo\/ -->\n<title>DELAROCQUE BRUT - Delarocque1815<\/title>\n<meta name=\"robots\" content=\"index, follow, max-snippet:-1, max-image-preview:large, max-video-preview:-1\" \/>\n<link rel=\"canonical\" href=\"https:\/\/delarocque1815.com\/zh-hans\/\u74f6\u5b50\/delarocque-brut\/\" \/>\n<meta property=\"og:locale\" content=\"zh_CN\" \/>\n<meta property=\"og:type\" content=\"article\" \/>\n<meta property=\"og:title\" content=\"DELAROCQUE BRUT - Delarocque1815\" \/>\n<meta property=\"og:description\" content=\"Un champagne classique combinant Pinot Noir, Chardonnay et Pinot Meunier. Avec ses notes florales et fruit\u00e9es, il est id\u00e9al pour les fruits de mer, les viandes blanches et les sushis, offrant une finale fra\u00eeche et \u00e9l\u00e9gante.\" \/>\n<meta property=\"og:url\" content=\"https:\/\/delarocque1815.com\/zh-hans\/\u74f6\u5b50\/delarocque-brut\/\" \/>\n<meta property=\"og:site_name\" content=\"Delarocque1815\" \/>\n<meta property=\"article:publisher\" content=\"https:\/\/www.facebook.com\/delarocqueofficial\" \/>\n<meta property=\"article:modified_time\" content=\"2024-12-09T13:56:28+00:00\" \/>\n<meta property=\"og:image\" content=\"https:\/\/delarocque1815.com\/wp-content\/uploads\/2024\/12\/brut_front_comm-scaled.jpg\" \/>\n\t<meta property=\"og:image:width\" content=\"1707\" \/>\n\t<meta property=\"og:image:height\" content=\"2560\" \/>\n<meta name=\"twitter:card\" content=\"summary_large_image\" \/>\n<script type=\"application\/ld+json\" class=\"yoast-schema-graph\">{\"@context\":\"https:\/\/schema.org\",\"@graph\":[{\"@type\":\"Organization\",\"@id\":\"https:\/\/delarocque1815.com\/zh-hans\/#organization\",\"name\":\"Delarocque Champagne\",\"url\":\"https:\/\/delarocque1815.com\/zh-hans\/\",\"sameAs\":[\"https:\/\/www.facebook.com\/delarocqueofficial\",\"https:\/\/www.instagram.com\/delarocqueofficial\/\",\"https:\/\/it.linkedin.com\/company\/delarocque-1815\",\"https:\/\/commons.wikimedia.org\/wiki\/File:Champagne_Delarocque_Logo.png\"],\"logo\":{\"@type\":\"ImageObject\",\"@id\":\"https:\/\/delarocque1815.com\/zh-hans\/#logo\",\"inLanguage\":\"zh-Hans\",\"url\":\"https:\/\/delarocque1815.com\/wp-content\/uploads\/2020\/06\/Delarocque-Champagne-Logo-vettoriale.png\",\"width\":1655,\"height\":998,\"caption\":\"Delarocque Champagne\"},\"image\":{\"@id\":\"https:\/\/delarocque1815.com\/zh-hans\/#logo\"}},{\"@type\":\"WebSite\",\"@id\":\"https:\/\/delarocque1815.com\/zh-hans\/#website\",\"url\":\"https:\/\/delarocque1815.com\/zh-hans\/\",\"name\":\"Delarocque1815\",\"description\":\"L&#039;\\u00e9ternit\\u00e9 du go\\u00fbt\",\"publisher\":{\"@id\":\"https:\/\/delarocque1815.com\/zh-hans\/#organization\"},\"potentialAction\":[{\"@type\":\"SearchAction\",\"target\":\"https:\/\/delarocque1815.com\/zh-hans\/?s={search_term_string}\",\"query-input\":\"required name=search_term_string\"}],\"inLanguage\":\"zh-Hans\"},{\"@type\":\"ImageObject\",\"@id\":\"https:\/\/delarocque1815.com\/zh-hans\/\\u74f6\\u5b50\/delarocque-brut\/#primaryimage\",\"inLanguage\":\"zh-Hans\",\"url\":\"https:\/\/delarocque1815.com\/wp-content\/uploads\/2024\/12\/brut_front_comm-scaled.jpg\",\"width\":1707,\"height\":2560},{\"@type\":\"WebPage\",\"@id\":\"https:\/\/delarocque1815.com\/zh-hans\/\\u74f6\\u5b50\/delarocque-brut\/#webpage\",\"url\":\"https:\/\/delarocque1815.com\/zh-hans\/\\u74f6\\u5b50\/delarocque-brut\/\",\"name\":\"DELAROCQUE BRUT - Delarocque1815\",\"isPartOf\":{\"@id\":\"https:\/\/delarocque1815.com\/zh-hans\/#website\"},\"primaryImageOfPage\":{\"@id\":\"https:\/\/delarocque1815.com\/zh-hans\/\\u74f6\\u5b50\/delarocque-brut\/#primaryimage\"},\"datePublished\":\"2024-12-06T10:36:38+00:00\",\"dateModified\":\"2024-12-09T13:56:28+00:00\",\"inLanguage\":\"zh-Hans\",\"potentialAction\":[{\"@type\":\"ReadAction\",\"target\":[\"https:\/\/delarocque1815.com\/zh-hans\/\\u74f6\\u5b50\/delarocque-brut\/\"]}]}]}<\/script>\n<!-- \/ Yoast SEO Premium plugin. -->","_links":{"self":[{"href":"https:\/\/delarocque1815.com\/zh-hans\/wp-json\/wp\/v2\/product\/4441","targetHints":{"allow":["GET"]}}],"collection":[{"href":"https:\/\/delarocque1815.com\/zh-hans\/wp-json\/wp\/v2\/product"}],"about":[{"href":"https:\/\/delarocque1815.com\/zh-hans\/wp-json\/wp\/v2\/types\/product"}],"replies":[{"embeddable":true,"href":"https:\/\/delarocque1815.com\/zh-hans\/wp-json\/wp\/v2\/comments?post=4441"}],"wp:featuredmedia":[{"embeddable":true,"href":"https:\/\/delarocque1815.com\/zh-hans\/wp-json\/wp\/v2\/media\/4422"}],"wp:attachment":[{"href":"https:\/\/delarocque1815.com\/zh-hans\/wp-json\/wp\/v2\/media?parent=4441"}],"wp:term":[{"taxonomy":"product_cat","embeddable":true,"href":"https:\/\/delarocque1815.com\/zh-hans\/wp-json\/wp\/v2\/product_cat?post=4441"},{"taxonomy":"product_tag","embeddable":true,"href":"https:\/\/delarocque1815.com\/zh-hans\/wp-json\/wp\/v2\/product_tag?post=4441"}],"curies":[{"name":"wp","href":"https:\/\/api.w.org\/{rel}","templated":true}]}}